{"id":2195,"date":"2024-02-19T16:58:40","date_gmt":"2024-02-19T14:58:40","guid":{"rendered":"https:\/\/www.crystal-heritage.com\/?page_id=2195"},"modified":"2024-02-19T17:03:38","modified_gmt":"2024-02-19T15:03:38","slug":"terms-conditions","status":"publish","type":"page","link":"https:\/\/www.crystal-heritage.com\/fr\/terms-conditions\/","title":{"rendered":"Termes et conditions"},"content":{"rendered":"<section class=\"l-section wpb_row height_medium\"><div class=\"l-section-h i-cf\"><div class=\"g-cols vc_row via_flex valign_top type_default stacking_default\"><div class=\"vc_col-sm-12 wpb_column vc_column_container\"><div class=\"vc_column-inner\"><div class=\"wpb_wrapper\"><div class=\"wpb_text_column\"><div class=\"wpb_wrapper\"><p>Le propri\u00e9taire de la boutique en ligne Crystal-Heritage.com (ci-apr\u00e8s d\u00e9nomm\u00e9e la boutique en ligne) est UAB \u201cCrystalis\u201d (code du registre de 305784139), situ\u00e9 \u00e0 Vilnius, Giruliu g. 10.<\/p>\n<h4>La validit\u00e9 du contrat de vente, le produit et les informations sur les prix<\/h4>\n<p>Les conditions de vente s&#039;appliquent aux achats de marchandises \u00e0 partir de la boutique en ligne.<br \/>\nLes prix des produits vendus dans la boutique en ligne sont indiqu\u00e9s \u00e0 c\u00f4t\u00e9 de la produits. Un frais de livraison est ajout\u00e9e au prix.<br \/>\nLe co\u00fbt de la livraison d\u00e9pend de l&#039;emplacement de l&#039;acheteur et la m\u00e9thode d&#039;exp\u00e9dition. Le co\u00fbt d&#039;exp\u00e9dition est affich\u00e9 lorsque l&#039;acheteur passe sa commande.<br \/>\nTous les prix sont en Euros (\u20ac).<\/p>\n<h4>La passation d&#039;une commande<\/h4>\n<p>Ajouter les produits d\u00e9sir\u00e9s \u00e0 votre panier d&#039;achat. Remplissez tous les champs requis et choisir le plus appropri\u00e9 de la m\u00e9thode d&#039;exp\u00e9dition de la commande. Le co\u00fbt total est alors affich\u00e9 sur l&#039;\u00e9cran. Ce paiement peut \u00eatre effectu\u00e9 en toute s\u00e9curit\u00e9 via les m\u00e9thodes de paiement suivantes fournies par Maksekeskus QUE:<\/p>\n<p>Lituanien de la banque de liens: Swedbank, SEB et Luminor<br \/>\nVisa \/ MasterCard paiements par carte de cr\u00e9dit<\/p>\n<p>Lorsque vous utilisez un lien de la banque de paiement de confirmer la commande et cliquez sur &#034;Revenir \u00e0 la marchande&#034; bouton.<br \/>\nLes donn\u00e9es personnelles n\u00e9cessaires \u00e0 l&#039;ex\u00e9cution des paiements est transf\u00e9r\u00e9 \u00e0 autoris\u00e9 processeur Maksekeskus COMME. Le contrat entre en vigueur lorsque le montant \u00e0 payer est transf\u00e9r\u00e9 sur le compte bancaire de la boutique en ligne.<br \/>\nSi nous ne pouvons pas livrer la marchandise command\u00e9e, en raison des ruptures de stock ou pour toute autre raison, l&#039;acheteur en sera inform\u00e9 d\u00e8s que possible et de la somme vers\u00e9e (y compris les frais d&#039;exp\u00e9dition seront rembours\u00e9s plus rapidement possible, mais au plus tard dans les 14 jours de la r\u00e9ception de la notification.<\/p>\n<p>C&#039;est www.Crystal-Heritage.com site termes et conditions (\u201cConditions\u201d). Les pr\u00e9sentes Conditions s&#039;appliquent \u00e0 l&#039;utilisation de ce Site web et en acc\u00e9dant \u00e0 ce Site web et\/ou de passer une commande de Produits, vous acceptez d&#039;\u00eatre li\u00e9 par les Modalit\u00e9s \u00e9nonc\u00e9es ci-dessous. Si vous n&#039;acceptez pas d&#039;\u00eatre li\u00e9 par ces termes et conditions, veuillez ne pas utiliser notre Site web.<\/p>\n<p>Avant vous passez une commande avec nous, si vous avez des questions concernant ces termes et conditions s&#039;il vous pla\u00eet communiquer avec notre Service \u00e0 la Client\u00e8le par e-mail, ou appelez-nous. Nos lignes sont ouvertes du lundi au vendredi de 09:00 \u00e0 18:00 UTC +3. Veuillez noter que tous les appels \u00e0 nos Services \u00e0 la Client\u00e8le seront factur\u00e9s au tarif local. Les appels entrants et sortants peuvent \u00eatre enregistr\u00e9s \u00e0 des fins de surveillance de la qualit\u00e9 et de la formation.<\/p>\n<p>Vous devez imprimer une copie de ces Termes de r\u00e9f\u00e9rence pour l&#039;avenir.<\/p>\n<h4>D\u00c9FINITIONS<\/h4>\n<ul>\n<li>Renseignements personnels\u201d d\u00e9signe les renseignements fournis par vous \u00e0 l&#039;inscription;<\/li>\n<li>\u201cProduit\u201d d\u00e9signe un produit affich\u00e9 \u00e0 la vente sur le Site web;<\/li>\n<li>\u201cNous\u201d d\u00e9signe www.Crystal-Heritage.com;<\/li>\n<li>\u201cSite\u201d signifie le site web situ\u00e9 \u00e0 l&#039;www.Crystal-Heritage.com;<\/li>\n<li>\u201cVous\u201d d\u00e9signe l&#039;utilisateur de ce Site web.<\/li>\n<\/ul>\n<h4>L&#039;UTILISATION DU SITE WEB<\/h4>\n<h4>Acc\u00e8s<\/h4>\n<p>Vous sont fournis avec l&#039;acc\u00e8s \u00e0 ce Site web conform\u00e9ment aux pr\u00e9sentes Conditions et toutes les commandes pass\u00e9es par vous doit \u00eatre plac\u00e9 en stricte conformit\u00e9 avec les pr\u00e9sentes Conditions.<\/p>\n<h4>Inscription<\/h4>\n<p>En vous inscrivant en tant qu&#039;utilisateur de notre Site web, vous garantissez que:<br \/>\n(a) les Renseignements Personnels que vous fournissez lorsque vous vous inscrivez en tant qu&#039;utilisateur sont vraies, exactes, actuelles et compl\u00e8tes \u00e0 tous les \u00e9gards; et<br \/>\n(b) vous devez soit nous informer imm\u00e9diatement de tout changement aux Renseignements Personnels en communiquant avec notre Service \u00e0 la Client\u00e8le par e-mail ou de nous appeler et nous ou modifier les Informations Personnelles vous-m\u00eame en vous connectant \u00e0 votre compte et de faire les changements.<\/p>\n<p>Vous vous engagez \u00e0 ne pas usurper l&#039;identit\u00e9 de toute autre personne ou entit\u00e9, ou d&#039;utiliser un faux nom ou un nom que vous n&#039;\u00eates pas autoris\u00e9 \u00e0 utiliser.<\/p>\n<h4>Nos droits<\/h4>\n<p>Nous nous r\u00e9servons le droit de:<br \/>\n(a) de modifier ou de retirer, temporairement ou de fa\u00e7on permanente, ce Site web (ou toute partie de celui-ci) avec ou sans pr\u00e9avis, et vous acceptez que nous ne serons pas responsables envers vous ou tout tiers pour toute modification ou d&#039;un retrait du Site web; et\/ou<br \/>\n(b) de modifier ces Conditions de temps \u00e0 autre, conform\u00e9ment \u00e0 la clause \u201cNotre Droit de modifier ces Conditions\u201d. Si vous n&#039;acceptez pas ces modifications, vous devez cesser d&#039;utiliser le Site web. Si vous continuez \u00e0 utiliser le Site, vous serez r\u00e9put\u00e9 avoir accept\u00e9 les conditions modifi\u00e9es.<\/p>\n<h4>ACHAT DE PRODUITS<\/h4>\n<h4>La commande<\/h4>\n<p>En passant une commande sur notre Site web, vous garantissez que vous \u00eates l\u00e9galement capable de conclure des contrats fermes et au moins de 18 ans.<\/p>\n<p>Comment est form\u00e9 le contrat entre vous et www.Crystal-Heritage.com<\/p>\n<p>Apr\u00e8s passation de la commande, vous recevrez un e-mail accusant r\u00e9ception de votre commande a \u00e9t\u00e9 re\u00e7ue. Veuillez noter que cela ne signifie pas que votre commande a \u00e9t\u00e9 accept\u00e9e. Votre commande constitue une offre d&#039;achat d&#039;un Produit. Toutes les commandes sont soumises \u00e0 acceptation par www.Crystal-Heritage.com qui vous confirmerons cette acceptation en vous envoyant un e-mail qui confirme que le Produit a \u00e9t\u00e9 exp\u00e9di\u00e9 (la \u201cConfirmation d&#039;Exp\u00e9dition\u201d). Le Contrat ne sera conclu lorsque vous avez envoy\u00e9 la Confirmation d&#039;Exp\u00e9dition.<\/p>\n<p>Le Contrat ne portera que sur les Produits dont la confirmation de l&#039;exp\u00e9dition de la Confirmation d&#039;Exp\u00e9dition. www.Crystal-Heritage.com ne seront pas tenus de fournir tous autres Produits qui peuvent avoir fait partie de votre commande jusqu&#039;\u00e0 l&#039;envoi de ces Produits a \u00e9t\u00e9 confirm\u00e9e dans une autre Confirmation d&#039;Exp\u00e9dition.<\/p>\n<p>La Non-acceptation d&#039;une commande peut \u00eatre un r\u00e9sultat de l&#039;une des op\u00e9rations suivantes:<br \/>\n\u2013 Le Produit que vous avez command\u00e9 ne soit pas disponible en stock.<br \/>\n\u2013 Notre incapacit\u00e9 \u00e0 obtenir l&#039;autorisation pour votre paiement.<br \/>\n\u2013 L&#039;identification d&#039;un Produit ou de prix description de l&#039;erreur.<br \/>\n\u2013 Vous ne r\u00e9pondant pas \u00e0 l&#039;admissibilit\u00e9 \u00e0 des crit\u00e8res d&#039;ordre \u00e9nonc\u00e9es dans les pr\u00e9sentes Conditions.<\/p>\n<p>Si vous avez besoin d&#039;aucune information concernant les commandes que vous avez pass\u00e9es avec nous s&#039;il vous pla\u00eet appelez-nous ou \u00e9crivez-nous par e-mail.<\/p>\n<h4>LA R\u00c9SILIATION D&#039;UN CONTRAT<\/h4>\n<p>Si vous \u00eates un consommateur, vous pouvez annuler un Contrat \u00e0 tout moment dans un d\u00e9lai de 1 mois \u00e0 compter de la date de l&#039;exp\u00e9dition des Produits. Dans ce cas, vous recevrez un remboursement int\u00e9gral du prix pay\u00e9 pour les Produits, conform\u00e9ment \u00e0 notre politique de remboursement.<\/p>\n<p>Pour annuler un Contrat, vous devez nous en informer par \u00e9crit. Vous devez \u00e9galement retourner le ou les Produit(s) \u00e0 nous imm\u00e9diatement et \u00e0 vos propres frais et risques. Merci de prendre raisonnablement soin des Produits pendant qu&#039;ils sont en votre possession. Cette disposition n&#039;affecte pas vos droits statutaires.<\/p>\n<h4>DESCRIPTION DES PRODUITS<\/h4>\n<p>Nous prendrons toutes les pr\u00e9cautions raisonnables pour s&#039;assurer que tous les d\u00e9tails, descriptions et prix de Produits figurant sur le Site sont correctes au moment o\u00f9 les renseignements pertinents ont \u00e9t\u00e9 introduites dans le syst\u00e8me. Bien que nous nous effor\u00e7ons de maintenir le Site \u00e0 jour, le plus possible, les informations figurant sur ce Site web \u00e0 un moment donn\u00e9 peut ne pas toujours refl\u00e9ter la position exactement au moment o\u00f9 vous passez une commande. Le prix d&#039;un Produit sera contenue dans la Confirmation d&#039;Exp\u00e9dition.<\/p>\n<p>Toutes les pr\u00e9cautions ont \u00e9t\u00e9 prises pour s&#039;assurer que la description et les sp\u00e9cifications des Produits sont corrects. Cependant, alors que la reproduction des couleurs est une repr\u00e9sentation proche, une l\u00e9g\u00e8re variation dans les Produits r\u00e9els peuvent se produire.<\/p>\n<h4>PRIX ET MODALIT\u00c9S DE PAIEMENT<\/h4>\n<p>Le prix des Produits sera celui qui est indiqu\u00e9 sur notre Site web, sauf en cas d&#039;erreur manifeste. Ces prix ne comprennent pas les droits d&#039;importation, les taxes et les frais de livraison, qui seront ajout\u00e9s au montant total d\u00fb.<\/p>\n<p>Les prix sont susceptibles de changer \u00e0 tout moment, mais les changements n&#039;affecteront pas les commandes pour lesquelles nous vous avons d\u00e9j\u00e0 envoy\u00e9 une Confirmation d&#039;Exp\u00e9dition. Le prix des produits est calcul\u00e9e selon le taux de change entre la devise de base sur notre site et la devise que vous s\u00e9lectionnez dans le cadre du processus d&#039;achat au moment de passer votre commande. Nous nous r\u00e9servons le droit de le mettre \u00e0 jour les taux de change r\u00e9guli\u00e8rement, \u00e0 notre seule discr\u00e9tion, et vous reconnaissez que ces mises \u00e0 jour peuvent influer sur les prix des produits sur le Site. Vous seront factur\u00e9s selon le taux de change applicable au moment o\u00f9 vous passez votre commande via le Site.<\/p>\n<p>Chaque effort a \u00e9t\u00e9 fait sur ce Site pour s&#039;assurer que les achats en ligne est s\u00fbr et s\u00e9curis\u00e9. www.Crystal-Heritage.com ne peut pas \u00eatre responsable de l&#039;utilisation frauduleuse sur notre Site de perte de votre carte de cr\u00e9dit, mais qui va aider votre compagnie de carte de cr\u00e9dit si n\u00e9cessaire une fois que vous avez signal\u00e9 la fraude \u00e0 eux.<\/p>\n<p>Veuillez \u00e9galement noter que vous devez vous conformer \u00e0 toutes les lois applicables et les r\u00e8glements du pays de destination des produits. Nous ne serons pas responsable de toute violation par vous de ces lois.<\/p>\n<h4>DE RETOUR DE MARCHANDISES<\/h4>\n<p>Les produits achet\u00e9s via le Crystal-Heritage.com Site peut nous \u00eatre retourn\u00e9 pour un remboursement int\u00e9gral dans un d\u00e9lai de 1 mois de la date d&#039;envoi.<\/p>\n<p>Lorsque vous retournez un Produit que vous avez achet\u00e9 via le Crystal-Heritage.com site web:<\/p>\n<p>(a) parce que vous avez r\u00e9sili\u00e9 le Contrat entre nous, \u00e0 l&#039;int\u00e9rieur de la p\u00e9riode de 1 mois ci-dessus, et sur la preuve d&#039;achat (ticket de caisse, confirmation de l&#039;email ou le num\u00e9ro de commande), nous traiterons le remboursement qui vous est d\u00fb d\u00e8s que possible et, en tout cas, dans les 30 jours de la journ\u00e9e, vous avez donn\u00e9 un avis de votre annulation. Dans ce cas, nous vous rembourserons le prix du Produit dans son int\u00e9gralit\u00e9, y compris le co\u00fbt de l&#039;exp\u00e9dition du produit (les frais de livraison standard uniquement). Cependant, vous serez responsable pour les frais de retour de l&#039;article.<br \/>\n(b) pour toute autre raison (par exemple, parce que vous pr\u00e9tendez que le Produit est d\u00e9fectueux). Nous avons l&#039;habitude de traiter le remboursement qui vous est d\u00fb d\u00e8s que possible et, en tout cas, dans les 30 jours de la r\u00e9ception du Produit retourn\u00e9. Les produits retourn\u00e9s par vous en raison d&#039;un d\u00e9faut sera rembours\u00e9 en totalit\u00e9, y compris le remboursement de la norme de frais de livraison pour l&#039;exp\u00e9dition du produit et les frais engag\u00e9s par vous en retour de l&#039;article.<\/p>\n<p>Nous avons l&#039;habitude de rembourser tout l&#039;argent re\u00e7u de vous en utilisant la m\u00eame m\u00e9thode que vous avez initialement utilis\u00e9 pour payer votre achat.<\/p>\n<p>Si vous d\u00e9sirez de plus amples informations, veuillez consulter notre page de Retours.<\/p>\n<h4>LIENS VERS DES TIERS<\/h4>\n<p>Des liens vers des sites tiers sur le Site web sont fournis uniquement pour votre commodit\u00e9. Si vous utilisez ces liens, vous quittez le Site web. Nous n&#039;avons pas v\u00e9rifi\u00e9 tous ces sites tiers et ne contr\u00f4le pas et nous ne sommes pas responsable de ces sites ou de leur contenu ou de la disponibilit\u00e9. Par cons\u00e9quent, nous n&#039;approuvons ni ne fait aucune d\u00e9claration \u00e0 leur sujet, ou du mat\u00e9riel y figurant, ou \u00e0 des r\u00e9sultats qui peuvent \u00eatre obtenus de leur utilisation. Si vous d\u00e9cidez d&#039;acc\u00e9der \u00e0 des sites web tiers li\u00e9s au Site web, vous le faites enti\u00e8rement \u00e0 vos propres risques.<\/p>\n<h4>La vie priv\u00e9e<\/h4>\n<p>Nous traitons les informations vous concernant conform\u00e9ment \u00e0 notre politique de confidentialit\u00e9. En utilisant notre Site web, vous consentez \u00e0 ce traitement et vous garantissez que toutes les donn\u00e9es que vous avez fournies sont exactes.<\/p>\n<p>Si vous appelez l&#039;un de nos repr\u00e9sentants du service client\u00e8le, nous pouvons conserver un enregistrement de l&#039;appel des fins de formation.<\/p>\n<h4>NOTRE RESPONSABILIT\u00c9<\/h4>\n<p>Nous vous garantissons que tout Produit achet\u00e9 aupr\u00e8s de nous par le biais de notre Site web est de qualit\u00e9 satisfaisante et raisonnablement adapt\u00e9s \u00e0 toutes les fins pour lesquelles les produits de ce genre sont g\u00e9n\u00e9ralement fournis.<\/p>\n<p>Nous n&#039;acceptons pas de responsabilit\u00e9 pour un manquement \u00e0 vous conformer aux instructions d&#039;entretien indiqu\u00e9 dans le Produit ou dans l&#039;emballage du Produit.<\/p>\n<p>Notre responsabilit\u00e9 pour les pertes que vous pourriez subir dans le cadre de la rupture de ce contrat est strictement limit\u00e9e au prix d&#039;achat du Produit que vous avez achet\u00e9.<\/p>\n<p>Ce n&#039;inclut ni ne limite en aucune fa\u00e7on notre responsabilit\u00e9:<\/p>\n<p>(a) en cas de d\u00e9c\u00e8s ou de blessures caus\u00e9s par notre n\u00e9gligence;<br \/>\n(b) en vertu de l&#039;article 2(3) de la Consumer Protection Act de 1987;<br \/>\n(c) en cas de fraude ou de fausse d\u00e9claration frauduleuse; ou<br \/>\n(d) pour toute question pour laquelle il serait ill\u00e9gal pour nous d&#039;exclure ou de tenter d&#039;exclure notre responsabilit\u00e9.<\/p>\n<p>Nous ne sommes pas responsables pour les pertes indirectes qui se produisent comme un effet secondaire de la perte ou du dommage principal, y compris mais non limit\u00e9 \u00e0:<\/p>\n<p>(a) la perte de revenus ou de recettes;<br \/>\n(b) la perte de l&#039;entreprise;<br \/>\n(c) la perte de profits ou de contrats;<br \/>\n(d) perte d&#039;\u00e9conomies anticip\u00e9es;<br \/>\n(e) la perte de donn\u00e9es; ou<br \/>\n(f) les d\u00e9chets de la gestion du temps de travail d\u00e9coulant et caus\u00e9 par un d\u00e9lit civil (y compris la n\u00e9gligence), violation de contrat ou autrement.<\/p>\n<p>Nous prendrons toutes les mesures raisonnables, dans la mesure o\u00f9 il est en notre pouvoir de le faire, de garder les d\u00e9tails de votre commande et un paiement s\u00e9curis\u00e9, mais en l&#039;absence de n\u00e9gligence de notre part nous ne pouvons pas \u00eatre tenu responsable pour toute perte que vous pourriez subir si un tiers acquiert un acc\u00e8s non autoris\u00e9 \u00e0 des donn\u00e9es que vous fournissez lors de l&#039;acc\u00e8s ou de la commande sur le Site.<\/p>\n<h4>DES \u00c9V\u00c9NEMENTS HORS DE NOTRE CONTR\u00d4LE<\/h4>\n<p>Nous ne serons pas tenus responsables de toute inex\u00e9cution ou retard dans l&#039;ex\u00e9cution de l&#039;une quelconque de nos obligations en vertu d&#039;un Contrat, qui est caus\u00e9e par des \u00e9v\u00e9nements hors de notre contr\u00f4le raisonnable (\u201cCas de Force Majeure\u201d).<\/p>\n<p>Un \u00c9v\u00e9nement de Force Majeure inclut tout acte, \u00e9v\u00e9nement, non-r\u00e9alisation, omission ou accident au-del\u00e0 de notre contr\u00f4le raisonnable et comprend en particulier (sans limitation):<\/p>\n<p>(a) les gr\u00e8ves, les lock-outs ou autres actions industrielles;<br \/>\n(b) agitation civile, \u00e9meute, invasion, attaque terroriste ou menace d&#039;attaque terroriste, guerre (d\u00e9clar\u00e9e ou non) ou menace ou pr\u00e9paration de guerre;<br \/>\n(c) incendie, explosion, temp\u00eate, inondation, tremblement de terre, affaissement, \u00e9pid\u00e9mie ou autre catastrophe naturelle;<br \/>\n(d) impossibilit\u00e9 d&#039;utiliser les chemins de fer, bateaux, avions, automobiles de transport ou d&#039;autres moyens de transport public ou priv\u00e9;<br \/>\n(e) de l&#039;impossibilit\u00e9 de l&#039;utilisation du domaine public ou priv\u00e9 de r\u00e9seaux de t\u00e9l\u00e9communications; et<br \/>\n(f) les lois, d\u00e9crets, lois, des r\u00e8glements ou des restrictions de tout gouvernement.<\/p>\n<p>Notre performance en vertu de tout Contrat est r\u00e9put\u00e9 \u00eatre suspendu pour la dur\u00e9e de l&#039;\u00c9v\u00e9nement de Force Majeure se poursuit, et nous aurons une prolongation du d\u00e9lai d&#039;ex\u00e9cution pour la dur\u00e9e de cette p\u00e9riode. Nous allons faire notre possible pour apporter de l&#039;\u00c9v\u00e9nement de Force Majeure, \u00e0 un proche ou pour trouver une solution \u00e0 un de nos obligations en vertu du Contrat peut \u00eatre effectu\u00e9e \u00e0 l&#039;malgr\u00e9 le Cas de Force Majeure.<\/p>\n<h4>G\u00c9N\u00c9RAL<\/h4>\n<h4>Propri\u00e9t\u00e9 intellectuelle et droit d&#039;utilisation<\/h4>\n<p>Sauf mention contraire, les droits d&#039;auteur et autres droits de propri\u00e9t\u00e9 intellectuelle sur le contenu du Site web sont d\u00e9tenus par nous ou nos conc\u00e9dants de licence. Tout acc\u00e8s ou utilisation du Site, pour quelque autre raison que personnelles et non commerciales est interdite.<\/p>\n<p>Aucune partie du Site ne peut \u00eatre reproduite ou stock\u00e9e sur un autre site, ou inclus dans, priv\u00e9e ou publique, syst\u00e8me de r\u00e9cup\u00e9ration \u00e9lectronique ou Site web sans notre autorisation \u00e9crite pr\u00e9alable.<\/p>\n<p>Vous reconnaissez et acceptez que le mat\u00e9riel et le contenu du Site internet est mis \u00e0 votre disposition pour votre usage personnel et non commercial uniquement et que vous pouvez (si n\u00e9cessaire pour faire un achat de Produit(s) \u00e0 t\u00e9l\u00e9charger ces documents et le contenu sur un seul disque dur de l&#039;ordinateur pour un tel but. Toute autre utilisation du mat\u00e9riel et le contenu du Site web est strictement interdite.<\/p>\n<p>Vous acceptez de ne pas (et vous acceptez de ne pas aider un tiers \u00e0) copier, reproduire, transmettre, publier, afficher, distribuer, exploiter commercialement ou cr\u00e9er des \u0153uvres d\u00e9riv\u00e9es de ces documents et le contenu.<\/p>\n<h4>La conformit\u00e9 avec les lois<\/h4>\n<p>Le Site web peut \u00eatre utilis\u00e9 uniquement \u00e0 des fins licites et d&#039;une mani\u00e8re l\u00e9gale. Vous acceptez de vous conformer \u00e0 toutes les lois applicables, les lois et les r\u00e8glements concernant le Site web et les transactions effectu\u00e9es sur ou via le Site web.<\/p>\n<h4>Les Communications \u00c9crites<\/h4>\n<p>Les lois applicables exigent que certaines des informations ou communications que nous vous envoyons par \u00e9crit. Lorsque vous utilisez notre site, vous acceptez que les communications avec nous seront principalement \u00e9lectroniques. Nous prendrons contact avec vous par e-mail ou de vous fournir des informations en affichant un avis sur notre site web. \u00c0 des fins contractuelles, vous acceptez de ce moyen de communication \u00e9lectronique et vous reconnaissez que tous les contrats, avis, informations et autres communications que nous vous fournissons \u00e9lectroniquement se conformer \u00e0 toute exigence l\u00e9gale que de telles communications soient faites par \u00e9crit. Cette condition n&#039;affecte pas vos droits statutaires.<\/p>\n<h4>Avis<\/h4>\n<p>Tous les avis donn\u00e9s par vous \u00e0 nous doit \u00eatre donn\u00e9 par courrier \u00e9lectronique ou par courrier ordinaire. Nous pouvons donner un avis \u00e0 l&#039;adresse \u00e9lectronique ou postale que vous nous fournissez lors de la commande. L&#039;avis sera r\u00e9put\u00e9 avoir \u00e9t\u00e9 re\u00e7u et bien servi imm\u00e9diatement d\u00e8s leur publication sur notre site web, 42 heures apr\u00e8s l&#039;envoi d&#039;un mail, ou trois jours apr\u00e8s la date d&#039;envoi d&#039;une lettre. En prouvant que la signification de tout avis, il sera suffisant de prouver, dans le cas d&#039;une lettre, cette lettre a \u00e9t\u00e9 correctement adress\u00e9e, timbr\u00e9e et mis \u00e0 la poste et, dans le cas d&#039;un email, que ce courrier \u00e9lectronique a \u00e9t\u00e9 envoy\u00e9 \u00e0 l&#039;adresse email du destinataire.<\/p>\n<p>Le transfert des droits et obligations<br \/>\nLe contrat entre vous et nous est obligatoire pour vous et nous et de nos successeurs et ayants droit respectifs.<\/p>\n<p>Vous ne pouvez pas transf\u00e9rer, c\u00e9der, grever ou autrement disposer d&#039;un Contrat, ou l&#039;un de vos droits ou obligations qui en d\u00e9coulent, sans notre consentement \u00e9crit pr\u00e9alable.<\/p>\n<p>Nous pouvons transf\u00e9rer, c\u00e9der, grever, sous-contrat ou autrement disposer d&#039;un Contrat, ou de l&#039;un de nos droits ou obligations qui en d\u00e9coulent, \u00e0 tout moment pendant la dur\u00e9e du Contrat.<\/p>\n<p>L&#039;indemnit\u00e9 de d\u00e9part<br \/>\nSi une partie quelconque de ces Conditions est jug\u00e9e ill\u00e9gale, nulle ou pour toute autre raison inapplicable, cette disposition sera r\u00e9put\u00e9e divisible de ces Conditions et n&#039;affectera pas la validit\u00e9 et le caract\u00e8re ex\u00e9cutoire des dispositions restantes de ces Conditions.<\/p>\n<p>Renonciation<br \/>\nAucune renonciation de notre part ne peut \u00eatre interpr\u00e9t\u00e9e comme une renonciation \u00e0 toute instance ou succ\u00e9dant \u00e0 la violation de toute disposition.<\/p>\n<p>Int\u00e9gralit\u00e9 De L&#039;Accord<br \/>\nNous avons l&#039;intention de se baser sur ces Conditions g\u00e9n\u00e9rales et tout document s&#039;y r\u00e9f\u00e9rant en ce qui concerne l&#039;objet de tout Contrat. Alors que nous acceptons la responsabilit\u00e9 pour les d\u00e9clarations faites par nos agents d\u00fbment habilit\u00e9s, assurez-vous de poser des variations de ces termes et conditions \u00e0 \u00eatre confirm\u00e9e par \u00e9crit.<\/p>\n<h4>Notre Droit de modifier ces Termes<\/h4>\n<p>Nous avons le droit de r\u00e9viser et de modifier ces termes et conditions de temps \u00e0 autre. Vous serez soumis aux politiques et aux modalit\u00e9s et conditions en vigueur au moment o\u00f9 vous commandez des Produits, \u00e0 moins qu&#039;un changement de ces politiques ou ces termes et conditions, est requis par la loi ou l&#039;autorit\u00e9 gouvernementale (dans ce cas, elle s&#039;applique pour les commandes d\u00e9j\u00e0 pass\u00e9es par vous), ou si nous vous informons du changement de ces politiques ou ces termes et conditions avant de vous envoyer la Confirmation d&#039;Exp\u00e9dition (dans ce cas, nous avons le droit de supposer que vous avez accept\u00e9 la modification des termes et conditions, sauf avis contraire de votre part dans un d\u00e9lai de sept jours ouvrables \u00e0 compter de la r\u00e9ception des Produits).<\/p>\n<h4>La loi<\/h4>\n<p>Les pr\u00e9sentes Conditions et le contrat sera r\u00e9gi par et interpr\u00e9t\u00e9 conform\u00e9ment aux lois de la Lituanie. Tout litige ou r\u00e9clamation d\u00e9coulant de ou en relation avec les Contrats ou leur formation (y compris les litiges non contractuels ou r\u00e9clamations) seront soumis \u00e0 la comp\u00e9tence exclusive des tribunaux de la Lituanie.<\/p>\n<\/div><\/div><\/div><\/div><\/div><\/div><\/div><\/section>","protected":false},"excerpt":{"rendered":"The owner of the online store Crystal-Heritage.com (hereinafter referred to as the online store) is UAB \u201cCrystalis\u201d (registry code 305784139), located at Vilnius, Giruliu g. 10. The validity of contract of sale, product and price information The conditions of sale apply to purchases of goods from the online store. The prices of the products sold...","protected":false},"author":2,"featured_media":0,"parent":0,"menu_order":16,"comment_status":"closed","ping_status":"closed","template":"","meta":{"footnotes":""},"class_list":["post-2195","page","type-page","status-publish","hentry"],"acf":[],"_links":{"self":[{"href":"https:\/\/www.crystal-heritage.com\/fr\/wp-json\/wp\/v2\/pages\/2195","targetHints":{"allow":["GET"]}}],"collection":[{"href":"https:\/\/www.crystal-heritage.com\/fr\/wp-json\/wp\/v2\/pages"}],"about":[{"href":"https:\/\/www.crystal-heritage.com\/fr\/wp-json\/wp\/v2\/types\/page"}],"author":[{"embeddable":true,"href":"https:\/\/www.crystal-heritage.com\/fr\/wp-json\/wp\/v2\/users\/2"}],"replies":[{"embeddable":true,"href":"https:\/\/www.crystal-heritage.com\/fr\/wp-json\/wp\/v2\/comments?post=2195"}],"version-history":[{"count":2,"href":"https:\/\/www.crystal-heritage.com\/fr\/wp-json\/wp\/v2\/pages\/2195\/revisions"}],"predecessor-version":[{"id":2198,"href":"https:\/\/www.crystal-heritage.com\/fr\/wp-json\/wp\/v2\/pages\/2195\/revisions\/2198"}],"wp:attachment":[{"href":"https:\/\/www.crystal-heritage.com\/fr\/wp-json\/wp\/v2\/media?parent=2195"}],"curies":[{"name":"wp","href":"https:\/\/api.w.org\/{rel}","templated":true}]}}