{"id":115,"date":"2023-02-08T23:33:38","date_gmt":"2023-02-08T21:33:38","guid":{"rendered":"https:\/\/www.crystal-heritage.com\/?post_type=product&#038;p=115"},"modified":"2024-04-18T09:22:31","modified_gmt":"2024-04-18T07:22:31","slug":"crystal-decanter-le-sens","status":"publish","type":"product","link":"https:\/\/www.crystal-heritage.com\/fr\/shop\/crystal-decanter-le-sens\/","title":{"rendered":"Carafe En Cristal \u201cLe Sens\u201d"},"content":{"rendered":"<p>Exquis, une carafe \u00e0 whisky avec deux verres \u2013 un accessoire id\u00e9al pour les vrais connaisseurs de forts esprits. Cet \u00e9l\u00e9gant set incarne l&#039;\u00e9l\u00e9gance et le luxe, capable d&#039;accentuer votre go\u00fbt raffin\u00e9 et en ajoutant une touche de sophistication \u00e0 tous les soirs avec des amis ou des proches.<\/p>","protected":false},"excerpt":{"rendered":"<p>Exquis, une carafe \u00e0 whisky avec deux verres \u2013 un accessoire id\u00e9al pour les vrais connaisseurs de forts esprits.<\/p>\n<div id=\"gtx-trans\" style=\"position: absolute; left: 204px; top: -10px;\">\n<div class=\"gtx-trans-icon\"><\/div>\n<\/div>","protected":false},"featured_media":1641,"template":"","meta":[],"product_brand":[],"product_cat":[16],"product_tag":[],"class_list":{"0":"post-115","1":"product","2":"type-product","3":"status-publish","4":"has-post-thumbnail","6":"product_cat-decanters","8":"first","9":"onbackorder","10":"shipping-taxable","11":"purchasable","12":"product-type-simple"},"acf":[],"_links":{"self":[{"href":"https:\/\/www.crystal-heritage.com\/fr\/wp-json\/wp\/v2\/product\/115","targetHints":{"allow":["GET"]}}],"collection":[{"href":"https:\/\/www.crystal-heritage.com\/fr\/wp-json\/wp\/v2\/product"}],"about":[{"href":"https:\/\/www.crystal-heritage.com\/fr\/wp-json\/wp\/v2\/types\/product"}],"wp:featuredmedia":[{"embeddable":true,"href":"https:\/\/www.crystal-heritage.com\/fr\/wp-json\/wp\/v2\/media\/1641"}],"wp:attachment":[{"href":"https:\/\/www.crystal-heritage.com\/fr\/wp-json\/wp\/v2\/media?parent=115"}],"wp:term":[{"taxonomy":"product_brand","embeddable":true,"href":"https:\/\/www.crystal-heritage.com\/fr\/wp-json\/wp\/v2\/product_brand?post=115"},{"taxonomy":"product_cat","embeddable":true,"href":"https:\/\/www.crystal-heritage.com\/fr\/wp-json\/wp\/v2\/product_cat?post=115"},{"taxonomy":"product_tag","embeddable":true,"href":"https:\/\/www.crystal-heritage.com\/fr\/wp-json\/wp\/v2\/product_tag?post=115"}],"curies":[{"name":"wp","href":"https:\/\/api.w.org\/{rel}","templated":true}]}}