{"id":1392,"date":"2024-02-07T19:13:37","date_gmt":"2024-02-07T17:13:37","guid":{"rendered":"https:\/\/www.crystal-heritage.com\/?post_type=product&#038;p=1392"},"modified":"2024-09-12T11:02:46","modified_gmt":"2024-09-12T09:02:46","slug":"candle-holder-luxor","status":"publish","type":"product","link":"https:\/\/www.crystal-heritage.com\/fr\/shop\/candle-holder-luxor\/","title":{"rendered":"Porte-bougie \u201cLuxor\u201d"},"content":{"rendered":"<p>Fabriqu\u00e9s \u00e0 la main en cristal de bougeoirs sont un raffin\u00e9 m\u00e9lange d&#039;\u00e9l\u00e9gance et de fonctionnalit\u00e9. Leur lampe comme silhouette cr\u00e9e une atmosph\u00e8re de confort et de sophistication dans n&#039;importe quel int\u00e9rieur. Le d\u00e9coup\u00e9s \u00e0 la main, des motifs et des dessins donne un caract\u00e8re unique \u00e0 chaque pi\u00e8ce. Convient pour divers types de bougies, y compris classique et rondes, ces bougeoirs ajouter un charme incroyable et de la chaleur \u00e0 votre espace.<\/p>\n<p>Le design discret de ces bougeoirs en fait un choix id\u00e9al pour ceux qui appr\u00e9cient le minimalisme et la puret\u00e9 des lignes. En d\u00e9pit de leur simplicit\u00e9, chaque d\u00e9tail est soigneusement pens\u00e9 pour cr\u00e9er une impression d&#039;\u00e9l\u00e9gance et d&#039;harmonie. Ces bougeoirs sans effort fondre dans n&#039;importe quel param\u00e8tre, qu&#039;il s&#039;agisse de l&#039;urbanisme moderne loft ou un confortable refuge \u00e0 la campagne. Votre maison sera transform\u00e9e, comme si une main invisible de style subtil enveloppe d&#039;une aura de raffinement. D\u00e9couvrez le vrai plaisir de la fabrication d&#039;un confortable et \u00e9l\u00e9gant espace avec ces \u00e9l\u00e9gants bougeoirs.<\/p>","protected":false},"excerpt":{"rendered":"<p>Hauteur: 27 cm<br \/>\nDiam\u00e8tre: 10 cm<br \/>\nGarantie: 24 mois<\/p>","protected":false},"featured_media":1720,"template":"","meta":[],"product_brand":[],"product_cat":[35],"product_tag":[],"class_list":{"0":"post-1392","1":"product","2":"type-product","3":"status-publish","4":"has-post-thumbnail","6":"product_cat-lighting","8":"first","9":"instock","10":"shipping-taxable","11":"purchasable","12":"product-type-simple"},"acf":[],"_links":{"self":[{"href":"https:\/\/www.crystal-heritage.com\/fr\/wp-json\/wp\/v2\/product\/1392","targetHints":{"allow":["GET"]}}],"collection":[{"href":"https:\/\/www.crystal-heritage.com\/fr\/wp-json\/wp\/v2\/product"}],"about":[{"href":"https:\/\/www.crystal-heritage.com\/fr\/wp-json\/wp\/v2\/types\/product"}],"wp:featuredmedia":[{"embeddable":true,"href":"https:\/\/www.crystal-heritage.com\/fr\/wp-json\/wp\/v2\/media\/1720"}],"wp:attachment":[{"href":"https:\/\/www.crystal-heritage.com\/fr\/wp-json\/wp\/v2\/media?parent=1392"}],"wp:term":[{"taxonomy":"product_brand","embeddable":true,"href":"https:\/\/www.crystal-heritage.com\/fr\/wp-json\/wp\/v2\/product_brand?post=1392"},{"taxonomy":"product_cat","embeddable":true,"href":"https:\/\/www.crystal-heritage.com\/fr\/wp-json\/wp\/v2\/product_cat?post=1392"},{"taxonomy":"product_tag","embeddable":true,"href":"https:\/\/www.crystal-heritage.com\/fr\/wp-json\/wp\/v2\/product_tag?post=1392"}],"curies":[{"name":"wp","href":"https:\/\/api.w.org\/{rel}","templated":true}]}}