{"id":1772,"date":"2024-02-13T16:51:58","date_gmt":"2024-02-13T14:51:58","guid":{"rendered":"https:\/\/www.crystal-heritage.com\/?post_type=product&#038;p=1772"},"modified":"2024-02-13T18:02:48","modified_gmt":"2024-02-13T16:02:48","slug":"crystal-ball-versailles","status":"publish","type":"product","link":"https:\/\/www.crystal-heritage.com\/fr\/shop\/crystal-ball-versailles\/","title":{"rendered":"Boule de cristal \u201cVersailles\u201d"},"content":{"rendered":"<section class=\"l-section wpb_row height_auto color_footer-bottom\"><div class=\"l-section-overlay\" style=\"background:#000000\"><\/div><div class=\"l-section-h i-cf\"><div class=\"g-cols vc_row via_flex valign_middle type_default stacking_default\"><div class=\"vc_col-sm-6 wpb_column vc_column_container\"><div class=\"vc_column-inner\"><div class=\"wpb_wrapper\">\n\t\t\t<!-- START versaille REVOLUTION SLIDER 6.6.20 --><p class=\"rs-p-wp-fix\"><\/p>\n\t\t\t<rs-module-wrap id=\"rev_slider_16_1_wrapper\" data-source=\"gallery\" style=\"visibility:hidden;background:transparent;padding:0;margin:0px auto;margin-top:0;margin-bottom:0;\">\n\t\t\t\t<rs-module id=\"rev_slider_16_1\" style=\"\" data-version=\"6.6.20\">\n\t\t\t\t\t<rs-slides style=\"overflow: hidden; position: absolute;\">\n\t\t\t\t\t\t<rs-slide style=\"position: absolute;\" data-key=\"rs-41\" data-title=\"Slide\" data-in=\"o:0;\" data-out=\"a:false;\">\n\t\t\t\t\t\t\t<img decoding=\"async\" src=\"\/\/www.crystal-heritage.com\/wp-content\/plugins\/revslider\/public\/assets\/assets\/dummy.png\" alt=\"Slide\" title=\"Crystal ball &#8220;Versailles&#8221;\" class=\"rev-slidebg tp-rs-img rs-lazyload\" data-lazyload=\"\/\/www.crystal-heritage.com\/wp-content\/plugins\/revslider\/public\/assets\/assets\/transparent.png\" data-bg=\"c:#000000;f:contain;\" data-no-retina>\n<!--\n\t\t\t\t\t\t\t--><rs-layer\n\t\t\t\t\t\t\t\tid=\"slider-16-slide-41-layer-2\" \n\t\t\t\t\t\t\t\tclass=\"rs-layer-video intrinsic-ignore\"\n\t\t\t\t\t\t\t\tdata-type=\"video\"\n\t\t\t\t\t\t\t\tdata-rsp_ch=\"on\"\n\t\t\t\t\t\t\t\tdata-xy=\"x:c;\"\n\t\t\t\t\t\t\t\tdata-text=\"w:normal;s:20,30,21,12;l:0,38,27,16;\"\n\t\t\t\t\t\t\t\tdata-dim=\"w:1000px,1542px,1110px,684px;h:750px,1157px,833px,513px;\"\n\t\t\t\t\t\t\t\tdata-video=\"vfc:true;vd:100;l:true;ptimer:false;nse:f;\"\n\t\t\t\t\t\t\t\tdata-poster=\"\/\/www.crystal-heritage.com\/wp-content\/uploads\/revslider\/video-media\/shar3_anima_41_layer.jpeg\"\n\t\t\t\t\t\t\t\tdata-mp4=\"\/\/www.crystal-heritage.com\/wp-content\/uploads\/revslider\/ice-11\/shar3_anima.mp4\"\n\t\t\t\t\t\t\t\tdata-frame_999=\"o:0;st:w;\"\n\t\t\t\t\t\t\t\tstyle=\"z-index:5;\"\n\t\t\t\t\t\t\t>\n\t\t\t\t\t\t\t<\/rs-layer><!--\n-->\t\t\t\t\t\t<\/rs-slide>\n\t\t\t\t\t<\/rs-slides>\n\t\t\t\t<\/rs-module>\n\t\t\t\t<script>\n\t\t\t\t\tsetREVStartSize({c: 'rev_slider_16_1',rl:[1240,1024,778,480],el:[700,768,960,450],gw:[700,1080,778,480],gh:[700,1080,800,450],type:'hero',justify:'',layout:'fullwidth',mh:\"0\"});if (window.RS_MODULES!==undefined && window.RS_MODULES.modules!==undefined && window.RS_MODULES.modules[\"revslider161\"]!==undefined) {window.RS_MODULES.modules[\"revslider161\"].once = false;window.revapi16 = undefined;if (window.RS_MODULES.checkMinimal!==undefined) window.RS_MODULES.checkMinimal()}\n\t\t\t\t<\/script>\n\t\t\t<\/rs-module-wrap>\n\t\t\t<!-- END REVOLUTION SLIDER -->\n<\/div><\/div><\/div><div class=\"vc_col-sm-6 wpb_column vc_column_container\"><div class=\"vc_column-inner\"><div class=\"wpb_wrapper\"><div class=\"wpb_text_column\"><div class=\"wpb_wrapper\"><p>The exclusive Crystal Heritage Crystal Christmas Balls are made from pure crystal (24% Pb). The crystal transparency index is 99 units, which is the highest indicator on the market of crystal products. Even after prolonged use, such crystal retains its original brilliance and natural clarity (according to NF EN 12875-1).<br \/>\nAuthor\u2019s handmade.<br \/>\nEach Christmas ball design is a limited edition.<\/p>\n<\/div><\/div><\/div><\/div><\/div><\/div><\/div><\/section><section class=\"l-section wpb_row height_auto color_footer-bottom\"><div class=\"l-section-overlay\" style=\"background:#000000\"><\/div><div class=\"l-section-h i-cf\"><div class=\"g-cols vc_row via_flex valign_middle type_default stacking_default\"><div class=\"vc_col-sm-2 wpb_column vc_column_container\"><div class=\"vc_column-inner\"><div class=\"wpb_wrapper\"><\/div><\/div><\/div><div class=\"vc_col-sm-8 wpb_column vc_column_container\"><div class=\"vc_column-inner\"><div class=\"wpb_wrapper\"><div class=\"w-image align_center\"><div class=\"w-image-h\"><img loading=\"lazy\" decoding=\"async\" width=\"1558\" height=\"1243\" src=\"https:\/\/www.crystal-heritage.com\/wp-content\/uploads\/2023\/09\/korobka-23.jpg\" class=\"attachment-full size-full\" alt=\"\" srcset=\"https:\/\/www.crystal-heritage.com\/wp-content\/uploads\/2023\/09\/korobka-23.jpg 1558w, https:\/\/www.crystal-heritage.com\/wp-content\/uploads\/2023\/09\/korobka-23-600x479.jpg 600w, https:\/\/www.crystal-heritage.com\/wp-content\/uploads\/2023\/09\/korobka-23-500x399.jpg 500w, https:\/\/www.crystal-heritage.com\/wp-content\/uploads\/2023\/09\/korobka-23-1024x817.jpg 1024w, https:\/\/www.crystal-heritage.com\/wp-content\/uploads\/2023\/09\/korobka-23-15x12.jpg 15w\" sizes=\"auto, (max-width: 1558px) 100vw, 1558px\" \/><\/div><\/div><\/div><\/div><\/div><div class=\"vc_col-sm-2 wpb_column vc_column_container\"><div class=\"vc_column-inner\"><div class=\"wpb_wrapper\"><\/div><\/div><\/div><\/div><\/div><\/section>\n","protected":false},"excerpt":{"rendered":"<p>Le prototype de la cadeau de No\u00ebl de Louis XV, depuis l&#039;artisan en l&#039;honneur de l&#039;ouverture de la premi\u00e8re cristal de Baccarat usine en France en 1823. Pour l&#039;instant, ce ballon est conserv\u00e9 au Mus\u00e9e de Versailles.<\/p>","protected":false},"featured_media":1771,"template":"","meta":[],"product_brand":[],"product_cat":[23],"product_tag":[],"class_list":{"0":"post-1772","1":"product","2":"type-product","3":"status-publish","4":"has-post-thumbnail","6":"product_cat-gifts","8":"first","9":"instock","10":"shipping-taxable","11":"purchasable","12":"product-type-simple"},"acf":[],"_links":{"self":[{"href":"https:\/\/www.crystal-heritage.com\/fr\/wp-json\/wp\/v2\/product\/1772","targetHints":{"allow":["GET"]}}],"collection":[{"href":"https:\/\/www.crystal-heritage.com\/fr\/wp-json\/wp\/v2\/product"}],"about":[{"href":"https:\/\/www.crystal-heritage.com\/fr\/wp-json\/wp\/v2\/types\/product"}],"wp:featuredmedia":[{"embeddable":true,"href":"https:\/\/www.crystal-heritage.com\/fr\/wp-json\/wp\/v2\/media\/1771"}],"wp:attachment":[{"href":"https:\/\/www.crystal-heritage.com\/fr\/wp-json\/wp\/v2\/media?parent=1772"}],"wp:term":[{"taxonomy":"product_brand","embeddable":true,"href":"https:\/\/www.crystal-heritage.com\/fr\/wp-json\/wp\/v2\/product_brand?post=1772"},{"taxonomy":"product_cat","embeddable":true,"href":"https:\/\/www.crystal-heritage.com\/fr\/wp-json\/wp\/v2\/product_cat?post=1772"},{"taxonomy":"product_tag","embeddable":true,"href":"https:\/\/www.crystal-heritage.com\/fr\/wp-json\/wp\/v2\/product_tag?post=1772"}],"curies":[{"name":"wp","href":"https:\/\/api.w.org\/{rel}","templated":true}]}}