{"id":465,"date":"2023-08-14T17:13:11","date_gmt":"2023-08-14T15:13:11","guid":{"rendered":"https:\/\/www.crystal-heritage.com\/?post_type=product&#038;p=465"},"modified":"2024-02-19T16:49:45","modified_gmt":"2024-02-19T14:49:45","slug":"crystal-decanter-empire","status":"publish","type":"product","link":"https:\/\/www.crystal-heritage.com\/fr\/shop\/crystal-decanter-empire\/","title":{"rendered":"Carafe En Cristal \u00c0 \u201cL&#039;Empire\u201d"},"content":{"rendered":"<p>La carafe est con\u00e7ue \u00e0 partir de cristal de haute qualit\u00e9, donnant un brillant et aspect transparent, vous permettant de savourer la teinte dor\u00e9e de whisky, mesmerizingly tourbillonnant \u00e0 l&#039;int\u00e9rieur. Sa capacit\u00e9 peut accueillir une grande quantit\u00e9 de la boisson pour de longues et des soir\u00e9es agr\u00e9ables, tandis que la pratique bouchon assure une bonne \u00e9tanch\u00e9it\u00e9, la pr\u00e9servation de l&#039;ar\u00f4me et le go\u00fbt du whisky intacte.<\/p>","protected":false},"excerpt":{"rendered":"<p>La carafe est con\u00e7ue \u00e0 partir de cristal de haute qualit\u00e9, donnant un brillant et aspect transparent.<\/p>","protected":false},"featured_media":466,"template":"","meta":[],"product_brand":[],"product_cat":[16],"product_tag":[],"class_list":{"0":"post-465","1":"product","2":"type-product","3":"status-publish","4":"has-post-thumbnail","6":"product_cat-decanters","8":"first","9":"instock","10":"shipping-taxable","11":"purchasable","12":"product-type-simple"},"acf":[],"_links":{"self":[{"href":"https:\/\/www.crystal-heritage.com\/fr\/wp-json\/wp\/v2\/product\/465","targetHints":{"allow":["GET"]}}],"collection":[{"href":"https:\/\/www.crystal-heritage.com\/fr\/wp-json\/wp\/v2\/product"}],"about":[{"href":"https:\/\/www.crystal-heritage.com\/fr\/wp-json\/wp\/v2\/types\/product"}],"wp:featuredmedia":[{"embeddable":true,"href":"https:\/\/www.crystal-heritage.com\/fr\/wp-json\/wp\/v2\/media\/466"}],"wp:attachment":[{"href":"https:\/\/www.crystal-heritage.com\/fr\/wp-json\/wp\/v2\/media?parent=465"}],"wp:term":[{"taxonomy":"product_brand","embeddable":true,"href":"https:\/\/www.crystal-heritage.com\/fr\/wp-json\/wp\/v2\/product_brand?post=465"},{"taxonomy":"product_cat","embeddable":true,"href":"https:\/\/www.crystal-heritage.com\/fr\/wp-json\/wp\/v2\/product_cat?post=465"},{"taxonomy":"product_tag","embeddable":true,"href":"https:\/\/www.crystal-heritage.com\/fr\/wp-json\/wp\/v2\/product_tag?post=465"}],"curies":[{"name":"wp","href":"https:\/\/api.w.org\/{rel}","templated":true}]}}