{"id":470,"date":"2023-08-14T17:15:18","date_gmt":"2023-08-14T15:15:18","guid":{"rendered":"https:\/\/www.crystal-heritage.com\/?post_type=product&#038;p=470"},"modified":"2024-02-19T16:48:46","modified_gmt":"2024-02-19T14:48:46","slug":"crystal-decanter-frozen","status":"publish","type":"product","link":"https:\/\/www.crystal-heritage.com\/fr\/shop\/crystal-decanter-frozen\/","title":{"rendered":"Carafe En Cristal \u201cGel\u00e9\u201d"},"content":{"rendered":"<p>Cette carafe \u00e0 lunettes est en fait un merveilleux cadeau pour les occasions sp\u00e9ciales comme les anniversaires, les mariages ou \u00e9v\u00e9nements d&#039;entreprise. Il va embellir l&#039;int\u00e9rieur de votre bureau ou \u00e0 la maison, devient la pi\u00e8ce ma\u00eetresse de votre collection et captivant le regard admiratif de vos invit\u00e9s.<\/p>","protected":false},"excerpt":{"rendered":"<p>Cette carafe va embellir l&#039;int\u00e9rieur de votre bureau ou \u00e0 la maison, devient la pi\u00e8ce ma\u00eetresse de votre collection.<\/p>","protected":false},"featured_media":471,"template":"","meta":[],"product_brand":[],"product_cat":[16],"product_tag":[],"class_list":{"0":"post-470","1":"product","2":"type-product","3":"status-publish","4":"has-post-thumbnail","6":"product_cat-decanters","8":"first","9":"instock","10":"shipping-taxable","11":"purchasable","12":"product-type-simple"},"acf":[],"_links":{"self":[{"href":"https:\/\/www.crystal-heritage.com\/fr\/wp-json\/wp\/v2\/product\/470","targetHints":{"allow":["GET"]}}],"collection":[{"href":"https:\/\/www.crystal-heritage.com\/fr\/wp-json\/wp\/v2\/product"}],"about":[{"href":"https:\/\/www.crystal-heritage.com\/fr\/wp-json\/wp\/v2\/types\/product"}],"wp:featuredmedia":[{"embeddable":true,"href":"https:\/\/www.crystal-heritage.com\/fr\/wp-json\/wp\/v2\/media\/471"}],"wp:attachment":[{"href":"https:\/\/www.crystal-heritage.com\/fr\/wp-json\/wp\/v2\/media?parent=470"}],"wp:term":[{"taxonomy":"product_brand","embeddable":true,"href":"https:\/\/www.crystal-heritage.com\/fr\/wp-json\/wp\/v2\/product_brand?post=470"},{"taxonomy":"product_cat","embeddable":true,"href":"https:\/\/www.crystal-heritage.com\/fr\/wp-json\/wp\/v2\/product_cat?post=470"},{"taxonomy":"product_tag","embeddable":true,"href":"https:\/\/www.crystal-heritage.com\/fr\/wp-json\/wp\/v2\/product_tag?post=470"}],"curies":[{"name":"wp","href":"https:\/\/api.w.org\/{rel}","templated":true}]}}