{"id":480,"date":"2023-08-18T14:27:53","date_gmt":"2023-08-18T12:27:53","guid":{"rendered":"https:\/\/www.crystal-heritage.com\/?post_type=product&#038;p=480"},"modified":"2024-02-20T14:40:44","modified_gmt":"2024-02-20T12:40:44","slug":"crystal-decanter-fleurs-de-crystal","status":"publish","type":"product","link":"https:\/\/www.crystal-heritage.com\/fr\/shop\/crystal-decanter-fleurs-de-crystal\/","title":{"rendered":"Carafe en cristal \u201cFleur de Cristal\u201d"},"content":{"rendered":"<p>The distinctive feature of this set is the artwork depicting vibrant flowers, skillfully crafted by talented artists. The luxurious floral pattern imparts elegance and uniqueness to both the decanter and the glasses. This motif accentuates the appreciation of beauty and nature, making each sip of whiskey even more refined and enriching.<\/p>","protected":false},"excerpt":{"rendered":"<p>Le luxueux motif floral donne de l&#039;\u00e9l\u00e9gance et un caract\u00e8re unique \u00e0 la fois la carafe et les verres.<\/p>","protected":false},"featured_media":481,"template":"","meta":[],"product_brand":[],"product_cat":[16],"product_tag":[],"class_list":{"0":"post-480","1":"product","2":"type-product","3":"status-publish","4":"has-post-thumbnail","6":"product_cat-decanters","8":"first","9":"instock","10":"shipping-taxable","11":"purchasable","12":"product-type-simple"},"acf":[],"_links":{"self":[{"href":"https:\/\/www.crystal-heritage.com\/fr\/wp-json\/wp\/v2\/product\/480","targetHints":{"allow":["GET"]}}],"collection":[{"href":"https:\/\/www.crystal-heritage.com\/fr\/wp-json\/wp\/v2\/product"}],"about":[{"href":"https:\/\/www.crystal-heritage.com\/fr\/wp-json\/wp\/v2\/types\/product"}],"wp:featuredmedia":[{"embeddable":true,"href":"https:\/\/www.crystal-heritage.com\/fr\/wp-json\/wp\/v2\/media\/481"}],"wp:attachment":[{"href":"https:\/\/www.crystal-heritage.com\/fr\/wp-json\/wp\/v2\/media?parent=480"}],"wp:term":[{"taxonomy":"product_brand","embeddable":true,"href":"https:\/\/www.crystal-heritage.com\/fr\/wp-json\/wp\/v2\/product_brand?post=480"},{"taxonomy":"product_cat","embeddable":true,"href":"https:\/\/www.crystal-heritage.com\/fr\/wp-json\/wp\/v2\/product_cat?post=480"},{"taxonomy":"product_tag","embeddable":true,"href":"https:\/\/www.crystal-heritage.com\/fr\/wp-json\/wp\/v2\/product_tag?post=480"}],"curies":[{"name":"wp","href":"https:\/\/api.w.org\/{rel}","templated":true}]}}