{"id":486,"date":"2023-09-18T16:23:08","date_gmt":"2023-09-18T14:23:08","guid":{"rendered":"https:\/\/www.crystal-heritage.com\/?post_type=product&#038;p=486"},"modified":"2024-03-06T12:08:49","modified_gmt":"2024-03-06T10:08:49","slug":"crystal-decanter-crytal-heritage","status":"publish","type":"product","link":"https:\/\/www.crystal-heritage.com\/fr\/shop\/crystal-decanter-crytal-heritage\/","title":{"rendered":"Carafe En Cristal Patrimoine\u201d"},"content":{"rendered":"<section class=\"l-section wpb_row height_large color_footer-bottom\"><div class=\"l-section-h i-cf\"><div class=\"g-cols vc_row via_flex valign_middle type_default stacking_default\"><div class=\"vc_col-sm-6 wpb_column vc_column_container\"><div class=\"vc_column-inner\"><div class=\"wpb_wrapper\">\n\t\t\t<!-- START Turn REVOLUTION SLIDER 6.6.20 --><p class=\"rs-p-wp-fix\"><\/p>\n\t\t\t<rs-module-wrap id=\"rev_slider_10_1_wrapper\" data-source=\"gallery\" style=\"visibility:hidden;background:transparent;padding:0;margin:0px auto;margin-top:0;margin-bottom:0;\">\n\t\t\t\t<rs-module id=\"rev_slider_10_1\" style=\"\" data-version=\"6.6.20\">\n\t\t\t\t\t<rs-slides style=\"overflow: hidden; position: absolute;\">\n\t\t\t\t\t\t<rs-slide style=\"position: absolute;\" data-key=\"rs-31\" data-title=\"Slide\" data-in=\"o:0;\" data-out=\"a:false;\">\n\t\t\t\t\t\t\t<img decoding=\"async\" src=\"\/\/www.crystal-heritage.com\/wp-content\/plugins\/revslider\/public\/assets\/assets\/dummy.png\" alt=\"\" width=\"854\" height=\"480\" class=\"rev-slidebg tp-rs-img rs-lazyload\" data-lazyload=\"\/\/crystal-heritage.com\/wp-content\/uploads\/revslider\/turn\/anim7__8.jpeg\" data-no-retina>\n\t\t\t\t\t\t\t<rs-bgvideo \n\t\t\t\t\t\t\t\tdata-video=\"w:100%;h:100%;nse:false;l:true;ptimer:false;vfc:true;\"\n\t\t\t\t\t\t\t\tdata-mp4=\"\/\/crystal-heritage.com\/wp-content\/uploads\/revslider\/turn\/anim7_.mp4\"\n\t\t\t\t\t\t\t><\/rs-bgvideo>\n<!---->\t\t\t\t\t\t<\/rs-slide>\n\t\t\t\t\t<\/rs-slides>\n\t\t\t\t<\/rs-module>\n\t\t\t\t<script>\n\t\t\t\t\tsetREVStartSize({c: 'rev_slider_10_1',rl:[1240,1024,778,480],el:[900],gw:[1240],gh:[900],type:'hero',justify:'',layout:'fullwidth',mh:\"0\"});if (window.RS_MODULES!==undefined && window.RS_MODULES.modules!==undefined && window.RS_MODULES.modules[\"revslider101\"]!==undefined) {window.RS_MODULES.modules[\"revslider101\"].once = false;window.revapi10 = undefined;if (window.RS_MODULES.checkMinimal!==undefined) window.RS_MODULES.checkMinimal()}\n\t\t\t\t<\/script>\n\t\t\t<\/rs-module-wrap>\n\t\t\t<!-- END REVOLUTION SLIDER -->\n<\/div><\/div><\/div><div class=\"vc_col-sm-6 wpb_column vc_column_container\"><div class=\"vc_column-inner\"><div class=\"wpb_wrapper\"><div class=\"wpb_text_column\"><div class=\"wpb_wrapper\"><p>In recent years, the culture of wine drinking has reached a new level, gathering new traditions and rituals around itself. From the moment the bottle is uncorked, the intriguing process of opening the bouquet under the influence of oxygen begins. It is like a logical continuation of the ripening of grapes: illuminated by the sun and blown by fresh winds, it continues its story in decanting the finished wine.<\/p>\n<\/div><\/div><\/div><\/div><\/div><\/div><\/div><\/section><section class=\"l-section wpb_row height_large color_footer-bottom\"><div class=\"l-section-overlay\" style=\"background:#000000\"><\/div><div class=\"l-section-h i-cf\"><div class=\"g-cols vc_row via_flex valign_middle type_default stacking_default\"><div class=\"vc_col-sm-6 wpb_column vc_column_container\"><div class=\"vc_column-inner\"><div class=\"wpb_wrapper\"><div class=\"w-image align_center\"><a ref=\"magnificPopup\" href=\"https:\/\/www.crystal-heritage.com\/wp-content\/uploads\/2023\/09\/decanter5-2.jpg\" aria-label=\"Lien\" class=\"w-image-h\"><img loading=\"lazy\" decoding=\"async\" width=\"800\" height=\"900\" src=\"https:\/\/www.crystal-heritage.com\/wp-content\/uploads\/2023\/09\/decanter5-2.jpg\" class=\"attachment-full size-full\" alt=\"\" srcset=\"https:\/\/www.crystal-heritage.com\/wp-content\/uploads\/2023\/09\/decanter5-2.jpg 800w, https:\/\/www.crystal-heritage.com\/wp-content\/uploads\/2023\/09\/decanter5-2-444x500.jpg 444w, https:\/\/www.crystal-heritage.com\/wp-content\/uploads\/2023\/09\/decanter5-2-11x12.jpg 11w, https:\/\/www.crystal-heritage.com\/wp-content\/uploads\/2023\/09\/decanter5-2-600x675.jpg 600w\" sizes=\"auto, (max-width: 800px) 100vw, 800px\" \/><\/a><\/div><\/div><\/div><\/div><div class=\"vc_col-sm-6 wpb_column vc_column_container\"><div class=\"vc_column-inner\"><div class=\"wpb_wrapper\"><div class=\"w-hwrapper valign_middle stack_on_mobiles align_none\"><div class=\"w-image align_center\"><div class=\"w-image-h\"><img loading=\"lazy\" decoding=\"async\" width=\"800\" height=\"851\" src=\"https:\/\/www.crystal-heritage.com\/wp-content\/uploads\/2023\/09\/scheme.jpg\" class=\"attachment-full size-full\" alt=\"\" srcset=\"https:\/\/www.crystal-heritage.com\/wp-content\/uploads\/2023\/09\/scheme.jpg 800w, https:\/\/www.crystal-heritage.com\/wp-content\/uploads\/2023\/09\/scheme-470x500.jpg 470w, https:\/\/www.crystal-heritage.com\/wp-content\/uploads\/2023\/09\/scheme-11x12.jpg 11w, https:\/\/www.crystal-heritage.com\/wp-content\/uploads\/2023\/09\/scheme-600x638.jpg 600w\" sizes=\"auto, (max-width: 800px) 100vw, 800px\" \/><\/div><\/div><div class=\"wpb_text_column us_custom_32d22e91\"><div class=\"wpb_wrapper\"><p>Dimensions<br \/>\nVolume \u2014 1500 ml<br \/>\nWeight \u2014 2450 g<br \/>\nHeight \u2014 27 cm<br \/>\nWidth \u2014 17,5 cm<\/p>\n<\/div><\/div><\/div><\/div><\/div><\/div><\/div><\/div><\/section><section class=\"l-section wpb_row height_large color_footer-bottom\"><div class=\"l-section-h i-cf\"><div class=\"g-cols vc_row via_flex valign_middle type_default reversed stacking_default\"><div class=\"vc_col-sm-6 wpb_column vc_column_container\"><div class=\"vc_column-inner\"><div class=\"wpb_wrapper\"><div class=\"wpb_text_column\"><div class=\"wpb_wrapper\"><p>Wine serving becomes more aesthetically pleasing with a decanter. You will be a true sommelier as you surprise your guests with a unique rotating bowl and table setting. A natural crystal decanter can be a luxurious gift for yourself and your loved ones, for friends and business partners. \u201cCrystal Heritage\u201d comes in an exclusive gift box finished in delicate velvet and can be ordered in addition to the decanter. The packaging is made by hand, combining the natural texture of delicate velvet and cardboard.<\/p>\n<\/div><\/div><\/div><\/div><\/div><div class=\"vc_col-sm-6 wpb_column vc_column_container\"><div class=\"vc_column-inner\"><div class=\"wpb_wrapper\">\n\t\t\t<!-- START ice REVOLUTION SLIDER 6.6.20 --><p class=\"rs-p-wp-fix\"><\/p>\n\t\t\t<rs-module-wrap id=\"rev_slider_9_2_wrapper\" data-source=\"gallery\" style=\"visibility:hidden;background:transparent;padding:0;margin:0px auto;margin-top:0;margin-bottom:0;\">\n\t\t\t\t<rs-module id=\"rev_slider_9_2\" style=\"\" data-version=\"6.6.20\">\n\t\t\t\t\t<rs-slides style=\"overflow: hidden; position: absolute;\">\n\t\t\t\t\t\t<rs-slide style=\"position: absolute;\" data-key=\"rs-28\" data-title=\"Slide\" data-in=\"o:0;\" data-out=\"a:false;\">\n\t\t\t\t\t\t\t<img decoding=\"async\" src=\"\/\/www.crystal-heritage.com\/wp-content\/plugins\/revslider\/public\/assets\/assets\/dummy.png\" alt=\"\" width=\"1280\" height=\"720\" class=\"rev-slidebg tp-rs-img rs-lazyload\" data-lazyload=\"\/\/crystal-heritage.com\/wp-content\/uploads\/revslider\/slider-2-1\/video2-1_7.jpeg\" data-no-retina>\n\t\t\t\t\t\t\t<rs-bgvideo \n\t\t\t\t\t\t\t\tdata-video=\"w:100%;h:100%;nse:false;l:true;ptimer:false;vfc:true;\"\n\t\t\t\t\t\t\t\tdata-mp4=\"\/\/crystal-heritage.com\/wp-content\/uploads\/revslider\/slider-2-1\/video2-1.mp4\"\n\t\t\t\t\t\t\t><\/rs-bgvideo>\n<!---->\t\t\t\t\t\t<\/rs-slide>\n\t\t\t\t\t<\/rs-slides>\n\t\t\t\t<\/rs-module>\n\t\t\t\t<script>\n\t\t\t\t\tsetREVStartSize({c: 'rev_slider_9_2',rl:[1240,1024,778,480],el:[900],gw:[1240],gh:[900],type:'hero',justify:'',layout:'fullwidth',mh:\"0\"});if (window.RS_MODULES!==undefined && window.RS_MODULES.modules!==undefined && window.RS_MODULES.modules[\"revslider92\"]!==undefined) {window.RS_MODULES.modules[\"revslider92\"].once = false;window.revapi9 = undefined;if (window.RS_MODULES.checkMinimal!==undefined) window.RS_MODULES.checkMinimal()}\n\t\t\t\t<\/script>\n\t\t\t<\/rs-module-wrap>\n\t\t\t<!-- END REVOLUTION SLIDER -->\n<\/div><\/div><\/div><\/div><\/div><\/section><section class=\"l-section wpb_row height_auto color_footer-bottom\"><div class=\"l-section-h i-cf\"><div class=\"g-cols vc_row via_flex valign_middle type_default stacking_default\"><div class=\"vc_col-sm-12 wpb_column vc_column_container\"><div class=\"vc_column-inner\"><div class=\"wpb_wrapper\">\n\t\t\t<!-- START Decanter Crystal Heritage REVOLUTION SLIDER 6.6.20 --><p class=\"rs-p-wp-fix\"><\/p>\n\t\t\t<rs-module-wrap id=\"rev_slider_8_3_wrapper\" data-source=\"gallery\" style=\"visibility:hidden;background:#000000;padding:0;margin:0px auto;margin-top:0;margin-bottom:0;\">\n\t\t\t\t<rs-module id=\"rev_slider_8_3\" style=\"\" data-version=\"6.6.20\">\n\t\t\t\t\t<rs-slides style=\"overflow: hidden; position: absolute;\">\n\t\t\t\t\t\t<rs-slide style=\"position: absolute;\" data-key=\"rs-21\" data-title=\"Slide\" data-in=\"o:0;\" data-out=\"a:false;\">\n\t\t\t\t\t\t\t<img decoding=\"async\" src=\"\/\/www.crystal-heritage.com\/wp-content\/plugins\/revslider\/public\/assets\/assets\/dummy.png\" alt=\"\" width=\"1280\" height=\"720\" class=\"rev-slidebg tp-rs-img rs-lazyload\" data-lazyload=\"\/\/crystal-heritage.com\/wp-content\/uploads\/revslider\/slider-1\/dekanter-video-obrez-1_10.jpeg\" data-parallax=\"off\" data-no-retina>\n\t\t\t\t\t\t\t<rs-bgvideo \n\t\t\t\t\t\t\t\tdata-video=\"w:100%;h:100%;nse:false;l:true;ptimer:false;vfc:true;\"\n\t\t\t\t\t\t\t\tdata-mp4=\"\/\/crystal-heritage.com\/wp-content\/uploads\/revslider\/slider-1\/dekanter-video-obrez-1.mp4\"\n\t\t\t\t\t\t\t><\/rs-bgvideo>\n<!--\n\t\t\t\t\t\t\t--><rs-layer\n\t\t\t\t\t\t\t\tid=\"slider-8-slide-21-layer-0\" \n\t\t\t\t\t\t\t\tdata-type=\"shape\"\n\t\t\t\t\t\t\t\tdata-rsp_ch=\"on\"\n\t\t\t\t\t\t\t\tdata-xy=\"x:c;y:m;\"\n\t\t\t\t\t\t\t\tdata-text=\"w:normal;s:20,20,20,7;l:0,0,0,9;\"\n\t\t\t\t\t\t\t\tdata-dim=\"w:100%;h:100%;\"\n\t\t\t\t\t\t\t\tdata-basealign=\"slide\"\n\t\t\t\t\t\t\t\tdata-frame_999=\"o:0;st:w;sR:8700;\"\n\t\t\t\t\t\t\t\tstyle=\"z-index:6;background-color:rgba(0,0,0,0);\"\n\t\t\t\t\t\t\t> \n\t\t\t\t\t\t\t<\/rs-layer><!--\n\n\t\t\t\t\t\t\t--><rs-layer\n\t\t\t\t\t\t\t\tid=\"slider-8-slide-21-layer-1\" \n\t\t\t\t\t\t\t\tdata-type=\"text\"\n\t\t\t\t\t\t\t\tdata-color=\"#cfcfcf\"\n\t\t\t\t\t\t\t\tdata-tsh=\"c:rgba(0,0,0,0.4);h:1px;v:1px;\"\n\t\t\t\t\t\t\t\tdata-rsp_ch=\"on\"\n\t\t\t\t\t\t\t\tdata-xy=\"x:c;yo:309px,309px,309px,297px;\"\n\t\t\t\t\t\t\t\tdata-text=\"w:normal;s:34,34,34,30;l:25,25,25,9;fw:700;\"\n\t\t\t\t\t\t\t\tdata-frame_1=\"st:470;sp:1750;sR:470;\"\n\t\t\t\t\t\t\t\tdata-frame_999=\"o:0;st:w;sR:6780;\"\n\t\t\t\t\t\t\t\tstyle=\"z-index:15;font-family:'Cormorant Garamond';\"\n\t\t\t\t\t\t\t>Decanter \n\t\t\t\t\t\t\t<\/rs-layer><!--\n\n\t\t\t\t\t\t\t--><rs-layer\n\t\t\t\t\t\t\t\tid=\"slider-8-slide-21-layer-2\" \n\t\t\t\t\t\t\t\tdata-type=\"text\"\n\t\t\t\t\t\t\t\tdata-tsh=\"c:rgba(0,0,0,0.4);h:1px;v:1px;\"\n\t\t\t\t\t\t\t\tdata-rsp_ch=\"on\"\n\t\t\t\t\t\t\t\tdata-xy=\"x:c;y:m;\"\n\t\t\t\t\t\t\t\tdata-text=\"w:normal;s:100,100,100,70;l:25,25,25,9;a:center;\"\n\t\t\t\t\t\t\t\tdata-dim=\"w:700px,700px,700px,459px;h:auto,auto,auto,10px;\"\n\t\t\t\t\t\t\t\tdata-vbility=\"f,f,f,f\"\n\t\t\t\t\t\t\t\tdata-border=\"bor:1px,1px,1px,1px;\"\n\t\t\t\t\t\t\t\tdata-frame_0_chars=\"d:5;\"\n\t\t\t\t\t\t\t\tdata-frame_1=\"st:480;sp:1000;sR:480;\"\n\t\t\t\t\t\t\t\tdata-frame_1_chars=\"e:power1.inOut;d:5;\"\n\t\t\t\t\t\t\t\tdata-frame_999=\"o:0;st:w;sR:6770;\"\n\t\t\t\t\t\t\t\tstyle=\"z-index:11;font-family:'Great Vibes';\"\n\t\t\t\t\t\t\t>Crystal Heritage \n\t\t\t\t\t\t\t<\/rs-layer><!--\n\n\t\t\t\t\t\t\t--><rs-layer\n\t\t\t\t\t\t\t\tid=\"slider-8-slide-21-layer-4\" \n\t\t\t\t\t\t\t\tdata-type=\"text\"\n\t\t\t\t\t\t\t\tdata-color=\"#cfcfcf\"\n\t\t\t\t\t\t\t\tdata-rsp_ch=\"on\"\n\t\t\t\t\t\t\t\tdata-xy=\"x:c;yo:146px;\"\n\t\t\t\t\t\t\t\tdata-text=\"w:normal;s:24,24,24,22;l:28,28,28,10;a:center;\"\n\t\t\t\t\t\t\t\tdata-dim=\"w:418.9px,418.9px,418.9px,161px;\"\n\t\t\t\t\t\t\t\tdata-frame_1=\"st:2860;sp:770;sR:2860;\"\n\t\t\t\t\t\t\t\tdata-frame_999=\"o:0;st:w;sR:5370;\"\n\t\t\t\t\t\t\t\tstyle=\"z-index:8;font-family:'Noto Serif JP';\"\n\t\t\t\t\t\t\t>100% \n\t\t\t\t\t\t\t<\/rs-layer><!--\n\n\t\t\t\t\t\t\t--><rs-layer\n\t\t\t\t\t\t\t\tid=\"slider-8-slide-21-layer-5\" \n\t\t\t\t\t\t\t\tdata-type=\"image\"\n\t\t\t\t\t\t\t\tdata-rsp_ch=\"on\"\n\t\t\t\t\t\t\t\tdata-xy=\"x:c;yo:344px,344px,344px,342px;\"\n\t\t\t\t\t\t\t\tdata-text=\"w:normal;s:20,20,20,7;l:0,0,0,9;\"\n\t\t\t\t\t\t\t\tdata-dim=\"w:666px,666px,666px,400px;h:93px,93px,93px,56px;\"\n\t\t\t\t\t\t\t\tdata-frame_1=\"st:480;sp:1760;sR:480;\"\n\t\t\t\t\t\t\t\tdata-frame_999=\"o:0;st:w;sR:6760;\"\n\t\t\t\t\t\t\t\tstyle=\"z-index:14;\"\n\t\t\t\t\t\t\t><img decoding=\"async\" src=\"\/\/www.crystal-heritage.com\/wp-content\/plugins\/revslider\/public\/assets\/assets\/dummy.png\" alt=\"\" class=\"tp-rs-img rs-lazyload\" width=\"\" height=\"\" data-lazyload=\"\/\/crystal-heritage.com\/wp-content\/uploads\/2024\/01\/logo-w.svg\" data-no-retina> \n\t\t\t\t\t\t\t<\/rs-layer><!--\n\n\t\t\t\t\t\t\t--><rs-layer\n\t\t\t\t\t\t\t\tid=\"slider-8-slide-21-layer-6\" \n\t\t\t\t\t\t\t\tdata-type=\"object\"\n\t\t\t\t\t\t\t\tdata-rsp_ch=\"on\"\n\t\t\t\t\t\t\t\tdata-xy=\"xo:51px,51px,51px,19px;yo:560px,560px,560px,216px;\"\n\t\t\t\t\t\t\t\tdata-text=\"w:normal;s:20,20,20,7;l:0,0,0,9;\"\n\t\t\t\t\t\t\t\tdata-frame_999=\"o:0;st:w;sR:8700;\"\n\t\t\t\t\t\t\t\tstyle=\"z-index:12;font-family:'Roboto';\"\n\t\t\t\t\t\t\t> \n\t\t\t\t\t\t\t<\/rs-layer><!--\n\n\t\t\t\t\t\t\t--><rs-layer\n\t\t\t\t\t\t\t\tid=\"slider-8-slide-21-layer-7\" \n\t\t\t\t\t\t\t\tdata-type=\"shape\"\n\t\t\t\t\t\t\t\tdata-rsp_ch=\"on\"\n\t\t\t\t\t\t\t\tdata-xy=\"x:l,l,l,c;xo:269px,269px,269px,0;yo:295px,295px,295px,333px;\"\n\t\t\t\t\t\t\t\tdata-text=\"w:normal;s:20,20,20,7;l:0,0,0,9;\"\n\t\t\t\t\t\t\t\tdata-dim=\"w:702px,702px,702px,450px;h:153px,153px,153px,70px;\"\n\t\t\t\t\t\t\t\tdata-frame_1=\"st:410;sp:1830;sR:410;\"\n\t\t\t\t\t\t\t\tdata-frame_999=\"o:0;st:w;sR:6760;\"\n\t\t\t\t\t\t\t\tstyle=\"z-index:13;background-color:rgba(0,0,0,0.5);\"\n\t\t\t\t\t\t\t> \n\t\t\t\t\t\t\t<\/rs-layer><!--\n\n\t\t\t\t\t\t\t--><rs-layer\n\t\t\t\t\t\t\t\tid=\"slider-8-slide-21-layer-8\" \n\t\t\t\t\t\t\t\tdata-type=\"text\"\n\t\t\t\t\t\t\t\tdata-color=\"#cfcfcf\"\n\t\t\t\t\t\t\t\tdata-tsh=\"c:rgba(0,0,0,0.4);h:1px;v:1px;\"\n\t\t\t\t\t\t\t\tdata-rsp_ch=\"on\"\n\t\t\t\t\t\t\t\tdata-xy=\"x:c;yo:475px,475px,475px,523px;\"\n\t\t\t\t\t\t\t\tdata-text=\"w:normal;s:24;l:28,28,28,30;fw:600;a:center;\"\n\t\t\t\t\t\t\t\tdata-dim=\"w:418.9px,418.9px,418.9px,431px;h:auto,auto,auto,69px;\"\n\t\t\t\t\t\t\t\tdata-frame_1=\"st:1710;sp:770;sR:1710;\"\n\t\t\t\t\t\t\t\tdata-frame_999=\"o:0;st:w;sR:6520;\"\n\t\t\t\t\t\t\t\tstyle=\"z-index:10;font-family:'Cormorant Garamond';\"\n\t\t\t\t\t\t\t>Crystal legacy<br \/>\nArt passed down by generations \n\t\t\t\t\t\t\t<\/rs-layer><!--\n\n\t\t\t\t\t\t\t--><rs-layer\n\t\t\t\t\t\t\t\tid=\"slider-8-slide-21-layer-11\" \n\t\t\t\t\t\t\t\tclass=\"rs-svg\"\n\t\t\t\t\t\t\t\tdata-type=\"svg\"\n\t\t\t\t\t\t\t\tdata-rsp_ch=\"on\"\n\t\t\t\t\t\t\t\tdata-xy=\"x:c;y:t,t,t,m;yo:99px,99px,99px,-253px;\"\n\t\t\t\t\t\t\t\tdata-text=\"w:normal;s:20,20,20,7;l:0,0,0,9;\"\n\t\t\t\t\t\t\t\tdata-dim=\"w:40px,40px,40px,NaNpx;h:50px,50px,50px,43px;\"\n\t\t\t\t\t\t\t\tdata-svg_src=\"\/\/crystal-heritage.com\/wp-content\/uploads\/revslider\/slider-1\/diamond_cfcfcf.svg\"\n\t\t\t\t\t\t\t\tdata-svgi=\"oc:t;\"\n\t\t\t\t\t\t\t\tdata-frame_0=\"x:0,0,0,0px;y:0,0,0,0px;\"\n\t\t\t\t\t\t\t\tdata-frame_1=\"x:0,0,0,0px;y:0,0,0,0px;st:2860;sp:770;sR:2860;\"\n\t\t\t\t\t\t\t\tdata-frame_999=\"o:0;st:w;sR:5370;\"\n\t\t\t\t\t\t\t\tstyle=\"z-index:9;font-family:'Roboto';\"\n\t\t\t\t\t\t\t> \n\t\t\t\t\t\t\t<\/rs-layer><!--\n\n\t\t\t\t\t\t\t--><rs-layer\n\t\t\t\t\t\t\t\tid=\"slider-8-slide-21-layer-12\" \n\t\t\t\t\t\t\t\tdata-type=\"text\"\n\t\t\t\t\t\t\t\tdata-color=\"#cfcfcf\"\n\t\t\t\t\t\t\t\tdata-rsp_ch=\"on\"\n\t\t\t\t\t\t\t\tdata-xy=\"x:c;yo:176px,176px,176px,173px;\"\n\t\t\t\t\t\t\t\tdata-text=\"w:normal;s:34,34,34,32;l:28,28,28,10;a:center;\"\n\t\t\t\t\t\t\t\tdata-dim=\"w:418.9px,418.9px,418.9px,161px;\"\n\t\t\t\t\t\t\t\tdata-frame_1=\"st:2860;sp:770;sR:2860;\"\n\t\t\t\t\t\t\t\tdata-frame_999=\"o:0;st:w;sR:5370;\"\n\t\t\t\t\t\t\t\tstyle=\"z-index:7;font-family:'Cormorant Garamond';\"\n\t\t\t\t\t\t\t>Crystal \n\t\t\t\t\t\t\t<\/rs-layer><!--\n-->\t\t\t\t\t\t<\/rs-slide>\n\t\t\t\t\t<\/rs-slides>\n\t\t\t\t<\/rs-module>\n\t\t\t\t<script>\n\t\t\t\t\tsetREVStartSize({c: 'rev_slider_8_3',rl:[1240,1240,1240,480],el:[800,800,800,730],gw:[1240,1240,1240,480],gh:[800,800,800,730],type:'hero',justify:'',layout:'fullwidth',mh:\"0\"});if (window.RS_MODULES!==undefined && window.RS_MODULES.modules!==undefined && window.RS_MODULES.modules[\"revslider83\"]!==undefined) {window.RS_MODULES.modules[\"revslider83\"].once = false;window.revapi8 = undefined;if (window.RS_MODULES.checkMinimal!==undefined) window.RS_MODULES.checkMinimal()}\n\t\t\t\t<\/script>\n\t\t\t<\/rs-module-wrap>\n\t\t\t<!-- END REVOLUTION SLIDER -->\n<\/div><\/div><\/div><\/div><\/div><\/section>\n","protected":false},"excerpt":{"rendered":"<p>M\u00eame un vin avec une obstination de caract\u00e8re ne vont pas r\u00e9sister au charme et de tendresse de Crystal \u201cPatrimoine\u201d. Il sera rendre sans combat, r\u00e9v\u00e9lant ses meilleures caract\u00e9ristiques de saveur.<\/p>","protected":false},"featured_media":489,"template":"","meta":[],"product_brand":[],"product_cat":[16],"product_tag":[],"class_list":{"0":"post-486","1":"product","2":"type-product","3":"status-publish","4":"has-post-thumbnail","6":"product_cat-decanters","8":"first","9":"instock","10":"featured","11":"shipping-taxable","12":"purchasable","13":"product-type-simple"},"acf":[],"_links":{"self":[{"href":"https:\/\/www.crystal-heritage.com\/fr\/wp-json\/wp\/v2\/product\/486","targetHints":{"allow":["GET"]}}],"collection":[{"href":"https:\/\/www.crystal-heritage.com\/fr\/wp-json\/wp\/v2\/product"}],"about":[{"href":"https:\/\/www.crystal-heritage.com\/fr\/wp-json\/wp\/v2\/types\/product"}],"wp:featuredmedia":[{"embeddable":true,"href":"https:\/\/www.crystal-heritage.com\/fr\/wp-json\/wp\/v2\/media\/489"}],"wp:attachment":[{"href":"https:\/\/www.crystal-heritage.com\/fr\/wp-json\/wp\/v2\/media?parent=486"}],"wp:term":[{"taxonomy":"product_brand","embeddable":true,"href":"https:\/\/www.crystal-heritage.com\/fr\/wp-json\/wp\/v2\/product_brand?post=486"},{"taxonomy":"product_cat","embeddable":true,"href":"https:\/\/www.crystal-heritage.com\/fr\/wp-json\/wp\/v2\/product_cat?post=486"},{"taxonomy":"product_tag","embeddable":true,"href":"https:\/\/www.crystal-heritage.com\/fr\/wp-json\/wp\/v2\/product_tag?post=486"}],"curies":[{"name":"wp","href":"https:\/\/api.w.org\/{rel}","templated":true}]}}