{"id":548,"date":"2023-08-28T20:27:49","date_gmt":"2023-08-28T18:27:49","guid":{"rendered":"https:\/\/www.crystal-heritage.com\/?post_type=product&#038;p=548"},"modified":"2024-02-08T13:36:42","modified_gmt":"2024-02-08T11:36:42","slug":"bucket-for-bottle-and-ice","status":"publish","type":"product","link":"https:\/\/www.crystal-heritage.com\/fr\/shop\/bucket-for-bottle-and-ice\/","title":{"rendered":"Compartiment pour la bouteille et de la glace"},"content":{"rendered":"<p>Cette fabriqu\u00e9s \u00e0 la main en cristal de seau \u00e0 glace est une v\u00e9ritable \u0153uvre d&#039;art, fabriqu\u00e9s \u00e0 partir de pur cristal par des artisans qualifi\u00e9s. Sa brillance et clart\u00e9 cristalline cr\u00e9er un effet hypnotique comme la glace lentement flotte dans votre boisson. Cet h\u00f4tel de luxe de morceau va \u00e0 merveille votre table et ajouter un charme unique au soir.<\/p>","protected":false},"excerpt":{"rendered":"<p>Cet h\u00f4tel de luxe de morceau va \u00e0 merveille votre table et ajouter un charme unique au soir.<\/p>","protected":false},"featured_media":1478,"template":"","meta":[],"product_brand":[],"product_cat":[16,20],"product_tag":[],"class_list":{"0":"post-548","1":"product","2":"type-product","3":"status-publish","4":"has-post-thumbnail","6":"product_cat-decanters","7":"product_cat-glasses","9":"first","10":"instock","11":"shipping-taxable","12":"purchasable","13":"product-type-simple"},"acf":[],"_links":{"self":[{"href":"https:\/\/www.crystal-heritage.com\/fr\/wp-json\/wp\/v2\/product\/548","targetHints":{"allow":["GET"]}}],"collection":[{"href":"https:\/\/www.crystal-heritage.com\/fr\/wp-json\/wp\/v2\/product"}],"about":[{"href":"https:\/\/www.crystal-heritage.com\/fr\/wp-json\/wp\/v2\/types\/product"}],"wp:featuredmedia":[{"embeddable":true,"href":"https:\/\/www.crystal-heritage.com\/fr\/wp-json\/wp\/v2\/media\/1478"}],"wp:attachment":[{"href":"https:\/\/www.crystal-heritage.com\/fr\/wp-json\/wp\/v2\/media?parent=548"}],"wp:term":[{"taxonomy":"product_brand","embeddable":true,"href":"https:\/\/www.crystal-heritage.com\/fr\/wp-json\/wp\/v2\/product_brand?post=548"},{"taxonomy":"product_cat","embeddable":true,"href":"https:\/\/www.crystal-heritage.com\/fr\/wp-json\/wp\/v2\/product_cat?post=548"},{"taxonomy":"product_tag","embeddable":true,"href":"https:\/\/www.crystal-heritage.com\/fr\/wp-json\/wp\/v2\/product_tag?post=548"}],"curies":[{"name":"wp","href":"https:\/\/api.w.org\/{rel}","templated":true}]}}