{"id":563,"date":"2023-08-30T14:14:55","date_gmt":"2023-08-30T12:14:55","guid":{"rendered":"https:\/\/www.crystal-heritage.com\/?post_type=product&#038;p=563"},"modified":"2024-02-12T15:30:51","modified_gmt":"2024-02-12T13:30:51","slug":"crystal-lamp-fascination","status":"publish","type":"product","link":"https:\/\/www.crystal-heritage.com\/fr\/shop\/crystal-lamp-fascination\/","title":{"rendered":"Lampe de cristal \u201cFascination\u201d"},"content":{"rendered":"<p>Lampe de Table avec abat-jour. Lampe classique avec cristal naturel et laiton poli corps. Avec un abat-jour en soie naturelle, il cr\u00e9e un luxueux et sophistiqu\u00e9 ambiance dans la salle, le remplir avec de douce et chaleureuse lumi\u00e8re. La combinaison classique de la forme et de la couleur ressemble beaucoup \u00e0 la fois dans le bureau et dans le chevet de la zone. La lampe s&#039;\u00eatre parfaitement combin\u00e9 avec des miroirs lumineux et \u00e9l\u00e9ments de d\u00e9cor.<\/p>","protected":false},"excerpt":{"rendered":"<p>La combinaison classique de la forme et de la couleur ressemble beaucoup \u00e0 la fois dans le bureau et dans le chevet de la zone. La lampe s&#039;\u00eatre parfaitement combin\u00e9 avec des miroirs lumineux et \u00e9l\u00e9ments de d\u00e9cor.<\/p>","protected":false},"featured_media":564,"template":"","meta":[],"product_brand":[],"product_cat":[35],"product_tag":[],"class_list":{"0":"post-563","1":"product","2":"type-product","3":"status-publish","4":"has-post-thumbnail","6":"product_cat-lighting","8":"first","9":"outofstock","10":"shipping-taxable","11":"purchasable","12":"product-type-simple"},"acf":[],"_links":{"self":[{"href":"https:\/\/www.crystal-heritage.com\/fr\/wp-json\/wp\/v2\/product\/563","targetHints":{"allow":["GET"]}}],"collection":[{"href":"https:\/\/www.crystal-heritage.com\/fr\/wp-json\/wp\/v2\/product"}],"about":[{"href":"https:\/\/www.crystal-heritage.com\/fr\/wp-json\/wp\/v2\/types\/product"}],"wp:featuredmedia":[{"embeddable":true,"href":"https:\/\/www.crystal-heritage.com\/fr\/wp-json\/wp\/v2\/media\/564"}],"wp:attachment":[{"href":"https:\/\/www.crystal-heritage.com\/fr\/wp-json\/wp\/v2\/media?parent=563"}],"wp:term":[{"taxonomy":"product_brand","embeddable":true,"href":"https:\/\/www.crystal-heritage.com\/fr\/wp-json\/wp\/v2\/product_brand?post=563"},{"taxonomy":"product_cat","embeddable":true,"href":"https:\/\/www.crystal-heritage.com\/fr\/wp-json\/wp\/v2\/product_cat?post=563"},{"taxonomy":"product_tag","embeddable":true,"href":"https:\/\/www.crystal-heritage.com\/fr\/wp-json\/wp\/v2\/product_tag?post=563"}],"curies":[{"name":"wp","href":"https:\/\/api.w.org\/{rel}","templated":true}]}}