{"id":565,"date":"2023-08-30T14:15:43","date_gmt":"2023-08-30T12:15:43","guid":{"rendered":"https:\/\/www.crystal-heritage.com\/?post_type=product&#038;p=565"},"modified":"2024-02-08T13:58:09","modified_gmt":"2024-02-08T11:58:09","slug":"crystal-lamp-elation","status":"publish","type":"product","link":"https:\/\/www.crystal-heritage.com\/fr\/shop\/crystal-lamp-elation\/","title":{"rendered":"Lampe de cristal \u201cExaltation\u201d"},"content":{"rendered":"<p>Lampe de Table avec abat-jour. Une ind\u00e9niable d\u00e9coration pour n&#039;importe quel bureau ou table de chevet. Un v\u00e9ritable incarnation de l&#039;exclusivit\u00e9 et de raffinement, fini dans les nuances d&#039;argent et d&#039;artisanat de cristal naturel. L&#039;avantage est ind\u00e9niable, cette lampe peut devenir une unique source de lumi\u00e8re dans la pi\u00e8ce. Le design et sa forme de cristal de venir \u00e0 l&#039;avant, faisant de la lampe de la meilleure d\u00e9coration pour tout type d&#039;int\u00e9rieur.<\/p>","protected":false},"excerpt":{"rendered":"<p>Une ind\u00e9niable d\u00e9coration pour n&#039;importe quel bureau ou table de chevet. Un v\u00e9ritable incarnation de l&#039;exclusivit\u00e9 et de raffinement, fini dans les nuances d&#039;argent et d&#039;artisanat de cristal naturel.<\/p>","protected":false},"featured_media":566,"template":"","meta":[],"product_brand":[],"product_cat":[35],"product_tag":[],"class_list":{"0":"post-565","1":"product","2":"type-product","3":"status-publish","4":"has-post-thumbnail","6":"product_cat-lighting","8":"first","9":"instock","10":"shipping-taxable","11":"purchasable","12":"product-type-simple"},"acf":[],"_links":{"self":[{"href":"https:\/\/www.crystal-heritage.com\/fr\/wp-json\/wp\/v2\/product\/565","targetHints":{"allow":["GET"]}}],"collection":[{"href":"https:\/\/www.crystal-heritage.com\/fr\/wp-json\/wp\/v2\/product"}],"about":[{"href":"https:\/\/www.crystal-heritage.com\/fr\/wp-json\/wp\/v2\/types\/product"}],"wp:featuredmedia":[{"embeddable":true,"href":"https:\/\/www.crystal-heritage.com\/fr\/wp-json\/wp\/v2\/media\/566"}],"wp:attachment":[{"href":"https:\/\/www.crystal-heritage.com\/fr\/wp-json\/wp\/v2\/media?parent=565"}],"wp:term":[{"taxonomy":"product_brand","embeddable":true,"href":"https:\/\/www.crystal-heritage.com\/fr\/wp-json\/wp\/v2\/product_brand?post=565"},{"taxonomy":"product_cat","embeddable":true,"href":"https:\/\/www.crystal-heritage.com\/fr\/wp-json\/wp\/v2\/product_cat?post=565"},{"taxonomy":"product_tag","embeddable":true,"href":"https:\/\/www.crystal-heritage.com\/fr\/wp-json\/wp\/v2\/product_tag?post=565"}],"curies":[{"name":"wp","href":"https:\/\/api.w.org\/{rel}","templated":true}]}}