{"id":567,"date":"2023-08-30T14:16:29","date_gmt":"2023-08-30T12:16:29","guid":{"rendered":"https:\/\/www.crystal-heritage.com\/?post_type=product&#038;p=567"},"modified":"2024-02-08T13:58:16","modified_gmt":"2024-02-08T11:58:16","slug":"crystal-lamp-radiance","status":"publish","type":"product","link":"https:\/\/www.crystal-heritage.com\/fr\/shop\/crystal-lamp-radiance\/","title":{"rendered":"Lampe de cristal \u201cRadiance\u201d"},"content":{"rendered":"<p>Le Florentin mod\u00e8le ne sera jamais sortir de style et s&#039;adapte \u00e0 tous les int\u00e9rieurs. Cette lampe en cristal sera l&#039;occasion parfaite pour nombreux \u00e0 exprimer leur propre personnalit\u00e9.<\/p>","protected":false},"excerpt":{"rendered":"<p>Le Florentin mod\u00e8le ne sera jamais sortir de style et s&#039;adapte \u00e0 tous les int\u00e9rieurs.<\/p>","protected":false},"featured_media":568,"template":"","meta":[],"product_brand":[],"product_cat":[35],"product_tag":[],"class_list":{"0":"post-567","1":"product","2":"type-product","3":"status-publish","4":"has-post-thumbnail","6":"product_cat-lighting","8":"first","9":"instock","10":"shipping-taxable","11":"purchasable","12":"product-type-simple"},"acf":[],"_links":{"self":[{"href":"https:\/\/www.crystal-heritage.com\/fr\/wp-json\/wp\/v2\/product\/567","targetHints":{"allow":["GET"]}}],"collection":[{"href":"https:\/\/www.crystal-heritage.com\/fr\/wp-json\/wp\/v2\/product"}],"about":[{"href":"https:\/\/www.crystal-heritage.com\/fr\/wp-json\/wp\/v2\/types\/product"}],"wp:featuredmedia":[{"embeddable":true,"href":"https:\/\/www.crystal-heritage.com\/fr\/wp-json\/wp\/v2\/media\/568"}],"wp:attachment":[{"href":"https:\/\/www.crystal-heritage.com\/fr\/wp-json\/wp\/v2\/media?parent=567"}],"wp:term":[{"taxonomy":"product_brand","embeddable":true,"href":"https:\/\/www.crystal-heritage.com\/fr\/wp-json\/wp\/v2\/product_brand?post=567"},{"taxonomy":"product_cat","embeddable":true,"href":"https:\/\/www.crystal-heritage.com\/fr\/wp-json\/wp\/v2\/product_cat?post=567"},{"taxonomy":"product_tag","embeddable":true,"href":"https:\/\/www.crystal-heritage.com\/fr\/wp-json\/wp\/v2\/product_tag?post=567"}],"curies":[{"name":"wp","href":"https:\/\/api.w.org\/{rel}","templated":true}]}}