{"id":569,"date":"2023-08-30T14:17:05","date_gmt":"2023-08-30T12:17:05","guid":{"rendered":"https:\/\/www.crystal-heritage.com\/?post_type=product&#038;p=569"},"modified":"2024-02-08T13:58:21","modified_gmt":"2024-02-08T11:58:21","slug":"crystal-lamp-inspiration","status":"publish","type":"product","link":"https:\/\/www.crystal-heritage.com\/fr\/shop\/crystal-lamp-inspiration\/","title":{"rendered":"Lampe de cristal \u201cInspiration\u201d"},"content":{"rendered":"<p>Lampe de Table avec abat-jour. L&#039;\u00e9l\u00e9gante lampe de cristal qui compl\u00e8te parfaitement l&#039;classiques et modernes \u00e0 l&#039;int\u00e9rieur de la pi\u00e8ce. La premi\u00e8re coupe de cristal d\u00e9cor combin\u00e9 avec laiton poli est accrocheur. Une lampe en cristal avec abat-jour en soie naturelle doucement diffuse la lumi\u00e8re, cr\u00e9ant une atmosph\u00e8re d&#039;exclusivit\u00e9 et de confort \u00e0 l&#039;int\u00e9rieur.<\/p>","protected":false},"excerpt":{"rendered":"<p>Une lampe en cristal avec abat-jour en soie naturelle doucement diffuse la lumi\u00e8re, cr\u00e9ant une atmosph\u00e8re d&#039;exclusivit\u00e9 et de confort \u00e0 l&#039;int\u00e9rieur.<\/p>","protected":false},"featured_media":570,"template":"","meta":[],"product_brand":[],"product_cat":[35],"product_tag":[],"class_list":{"0":"post-569","1":"product","2":"type-product","3":"status-publish","4":"has-post-thumbnail","6":"product_cat-lighting","8":"first","9":"instock","10":"shipping-taxable","11":"purchasable","12":"product-type-simple"},"acf":[],"_links":{"self":[{"href":"https:\/\/www.crystal-heritage.com\/fr\/wp-json\/wp\/v2\/product\/569","targetHints":{"allow":["GET"]}}],"collection":[{"href":"https:\/\/www.crystal-heritage.com\/fr\/wp-json\/wp\/v2\/product"}],"about":[{"href":"https:\/\/www.crystal-heritage.com\/fr\/wp-json\/wp\/v2\/types\/product"}],"wp:featuredmedia":[{"embeddable":true,"href":"https:\/\/www.crystal-heritage.com\/fr\/wp-json\/wp\/v2\/media\/570"}],"wp:attachment":[{"href":"https:\/\/www.crystal-heritage.com\/fr\/wp-json\/wp\/v2\/media?parent=569"}],"wp:term":[{"taxonomy":"product_brand","embeddable":true,"href":"https:\/\/www.crystal-heritage.com\/fr\/wp-json\/wp\/v2\/product_brand?post=569"},{"taxonomy":"product_cat","embeddable":true,"href":"https:\/\/www.crystal-heritage.com\/fr\/wp-json\/wp\/v2\/product_cat?post=569"},{"taxonomy":"product_tag","embeddable":true,"href":"https:\/\/www.crystal-heritage.com\/fr\/wp-json\/wp\/v2\/product_tag?post=569"}],"curies":[{"name":"wp","href":"https:\/\/api.w.org\/{rel}","templated":true}]}}