{"id":571,"date":"2023-08-30T14:17:38","date_gmt":"2023-08-30T12:17:38","guid":{"rendered":"https:\/\/www.crystal-heritage.com\/?post_type=product&#038;p=571"},"modified":"2024-02-12T15:29:41","modified_gmt":"2024-02-12T13:29:41","slug":"crystal-lamp-magic","status":"publish","type":"product","link":"https:\/\/www.crystal-heritage.com\/fr\/shop\/crystal-lamp-magic\/","title":{"rendered":"Lampe de cristal \u201cde la Magie\u201d"},"content":{"rendered":"<p>Lampe de Table avec abat-jour. Cette combinaison inhabituelle de la luminosit\u00e9, de la fragilit\u00e9 et de la puret\u00e9 dans la d\u00e9coration de cristal va r\u00e9v\u00e9ler votre int\u00e9rieur compl\u00e8tement les nuances inhabituelles. Il deviendra une d\u00e9coration d&#039;int\u00e9rieur pour les personnes dont l&#039;objectif est de donner \u00e0 la pi\u00e8ce un sens de la sophistication et de la l\u00e9g\u00e8ret\u00e9.<\/p>","protected":false},"excerpt":{"rendered":"<p>Cette combinaison inhabituelle de la luminosit\u00e9, de la fragilit\u00e9 et de la puret\u00e9 dans la d\u00e9coration de cristal va r\u00e9v\u00e9ler votre int\u00e9rieur compl\u00e8tement les nuances inhabituelles.<\/p>","protected":false},"featured_media":572,"template":"","meta":[],"product_brand":[],"product_cat":[35],"product_tag":[],"class_list":{"0":"post-571","1":"product","2":"type-product","3":"status-publish","4":"has-post-thumbnail","6":"product_cat-lighting","8":"first","9":"onbackorder","10":"shipping-taxable","11":"purchasable","12":"product-type-simple"},"acf":[],"_links":{"self":[{"href":"https:\/\/www.crystal-heritage.com\/fr\/wp-json\/wp\/v2\/product\/571","targetHints":{"allow":["GET"]}}],"collection":[{"href":"https:\/\/www.crystal-heritage.com\/fr\/wp-json\/wp\/v2\/product"}],"about":[{"href":"https:\/\/www.crystal-heritage.com\/fr\/wp-json\/wp\/v2\/types\/product"}],"wp:featuredmedia":[{"embeddable":true,"href":"https:\/\/www.crystal-heritage.com\/fr\/wp-json\/wp\/v2\/media\/572"}],"wp:attachment":[{"href":"https:\/\/www.crystal-heritage.com\/fr\/wp-json\/wp\/v2\/media?parent=571"}],"wp:term":[{"taxonomy":"product_brand","embeddable":true,"href":"https:\/\/www.crystal-heritage.com\/fr\/wp-json\/wp\/v2\/product_brand?post=571"},{"taxonomy":"product_cat","embeddable":true,"href":"https:\/\/www.crystal-heritage.com\/fr\/wp-json\/wp\/v2\/product_cat?post=571"},{"taxonomy":"product_tag","embeddable":true,"href":"https:\/\/www.crystal-heritage.com\/fr\/wp-json\/wp\/v2\/product_tag?post=571"}],"curies":[{"name":"wp","href":"https:\/\/api.w.org\/{rel}","templated":true}]}}