{"id":783,"date":"2023-11-10T20:27:28","date_gmt":"2023-11-10T18:27:28","guid":{"rendered":"https:\/\/www.crystal-heritage.com\/?post_type=product&#038;p=783"},"modified":"2024-09-12T11:01:57","modified_gmt":"2024-09-12T09:01:57","slug":"crystal-decanter-la-glace","status":"publish","type":"product","link":"https:\/\/www.crystal-heritage.com\/fr\/shop\/crystal-decanter-la-glace\/","title":{"rendered":"Carafe En Cristal \u201cLa Glace\u201d"},"content":{"rendered":"<p>Une attention particuli\u00e8re a \u00e9t\u00e9 accord\u00e9e aux d\u00e9tails qui donnent la carafe un charme unique. Le motif en relief sur les murs du navire de capture parfaitement la texture de la glace, cr\u00e9ant l&#039;illusion que la boisson \u00e0 l&#039;int\u00e9rieur est fig\u00e9 dans le cristallin des \u00e9clats de glace splendeur. Ce d\u00e9tail n&#039;am\u00e9liore pas seulement la fonctionnalit\u00e9 de la carafe, mais rend aussi un visuel attrayant pi\u00e8ce ma\u00eetresse pour votre bar ou de la collection.<\/p>","protected":false},"excerpt":{"rendered":"<p>Le motif en relief sur les parois de la cuve souligne parfaitement la texture de la glace, cr\u00e9ant l&#039;illusion que la boisson \u00e0 l&#039;int\u00e9rieur est gel\u00e9 dans le cristal de fragments de glace splendeur.<\/p>","protected":false},"featured_media":784,"template":"","meta":[],"product_brand":[],"product_cat":[16],"product_tag":[],"class_list":{"0":"post-783","1":"product","2":"type-product","3":"status-publish","4":"has-post-thumbnail","6":"product_cat-decanters","8":"first","9":"instock","10":"sale","11":"shipping-taxable","12":"purchasable","13":"product-type-simple"},"acf":[],"_links":{"self":[{"href":"https:\/\/www.crystal-heritage.com\/fr\/wp-json\/wp\/v2\/product\/783","targetHints":{"allow":["GET"]}}],"collection":[{"href":"https:\/\/www.crystal-heritage.com\/fr\/wp-json\/wp\/v2\/product"}],"about":[{"href":"https:\/\/www.crystal-heritage.com\/fr\/wp-json\/wp\/v2\/types\/product"}],"wp:featuredmedia":[{"embeddable":true,"href":"https:\/\/www.crystal-heritage.com\/fr\/wp-json\/wp\/v2\/media\/784"}],"wp:attachment":[{"href":"https:\/\/www.crystal-heritage.com\/fr\/wp-json\/wp\/v2\/media?parent=783"}],"wp:term":[{"taxonomy":"product_brand","embeddable":true,"href":"https:\/\/www.crystal-heritage.com\/fr\/wp-json\/wp\/v2\/product_brand?post=783"},{"taxonomy":"product_cat","embeddable":true,"href":"https:\/\/www.crystal-heritage.com\/fr\/wp-json\/wp\/v2\/product_cat?post=783"},{"taxonomy":"product_tag","embeddable":true,"href":"https:\/\/www.crystal-heritage.com\/fr\/wp-json\/wp\/v2\/product_tag?post=783"}],"curies":[{"name":"wp","href":"https:\/\/api.w.org\/{rel}","templated":true}]}}